{"id":740,"date":"2025-09-26T00:36:59","date_gmt":"2025-09-26T00:36:59","guid":{"rendered":"https:\/\/taxivalenciaaeropuerto.com\/?page_id=740"},"modified":"2025-09-29T13:20:59","modified_gmt":"2025-09-29T13:20:59","slug":"zuganglichkeitserklarung","status":"publish","type":"page","link":"https:\/\/taxivalenciaaeropuerto.com\/de\/zuganglichkeitserklarung\/","title":{"rendered":"Erkl\u00e4rung zur Zug\u00e4nglichkeit"},"content":{"rendered":"<div data-elementor-type=\"wp-page\" data-elementor-id=\"740\" class=\"elementor elementor-740\" data-elementor-post-type=\"page\">\n\t\t\t\t<div class=\"elementor-element elementor-element-a1fae77 taxi-pattern-container e-flex e-con-boxed e-con e-parent\" data-id=\"a1fae77\" data-element_type=\"container\" data-settings=\"{&quot;jet_parallax_layout_list&quot;:[]}\">\n\t\t\t\t\t<div class=\"e-con-inner\">\n\t\t\t\t<div class=\"elementor-element elementor-element-7de7bff elementor-widget__width-inherit elementor-widget elementor-widget-heading\" data-id=\"7de7bff\" data-element_type=\"widget\" data-widget_type=\"heading.default\">\n\t\t\t\t\t<h1 class=\"elementor-heading-title elementor-size-default\">Erkl\u00e4rung zur Zug\u00e4nglichkeit<\/h1>\t\t\t\t<\/div>\n\t\t\t\t<div class=\"elementor-element elementor-element-fff537c elementor-widget-divider--view-line elementor-widget elementor-widget-divider\" data-id=\"fff537c\" data-element_type=\"widget\" data-widget_type=\"divider.default\">\n\t\t\t\t\t\t\t<div class=\"elementor-divider\">\n\t\t\t<span class=\"elementor-divider-separator\">\n\t\t\t\t\t\t<\/span>\n\t\t<\/div>\n\t\t\t\t\t\t<\/div>\n\t\t\t\t<div class=\"elementor-element elementor-element-0dbc85d elementor-widget elementor-widget-text-editor\" data-id=\"0dbc85d\" data-element_type=\"widget\" data-widget_type=\"text-editor.default\">\n\t\t\t\t\t\t\t\t\t<section>\n    <p>Taxi Valencia Airport hat sich verpflichtet, seine Website allen Nutzern zug\u00e4nglich zu machen, unabh\u00e4ngig von deren F\u00e4higkeiten oder Behinderungen. Wir haben Zug\u00e4nglichkeitsma\u00dfnahmen ergriffen, um sicherzustellen, dass unsere Website den Standards f\u00fcr die Zug\u00e4nglichkeit im Internet entspricht, die von der <abbr title=\"Leitlinien f\u00fcr die Zug\u00e4nglichkeit von Webinhalten\">WCAG<\/abbr> 2.0 Stufe AA. Wir arbeiten st\u00e4ndig an der Verbesserung der Zug\u00e4nglichkeit unserer Website und laden Sie ein, uns zu kontaktieren, wenn Sie Kommentare oder Vorschl\u00e4ge haben, wie wir die Zug\u00e4nglichkeit unserer Website verbessern k\u00f6nnen.<\/p>\n  <\/section>\n\n  <section>\n    <h2>Rechtlicher Rahmen<\/h2>\n    <p>Der Flughafen Taxi Valencia verpflichtet sich, seine Websites gem\u00e4\u00df dem K\u00f6niglichen Dekret 1112\/2018 vom 7. September \u00fcber die Zug\u00e4nglichkeit von Websites und Anwendungen des \u00f6ffentlichen Sektors f\u00fcr mobile Ger\u00e4te zug\u00e4nglich zu machen, mit dem die Richtlinie (<abbr title=\"Europ\u00e4ische Union\">EU<\/abbr>) 2016\/2102 des Europ\u00e4ischen Parlaments und des Rates.<\/p>\n    \n    <p>Diese Erkl\u00e4rung zur Zug\u00e4nglichkeit gilt f\u00fcr das institutionelle Portal <strong>taxivalenciaaeropuerto.com<\/strong>.<\/p>\n  <\/section>\n\n  <section>\n    <h2>Status der Einhaltung<\/h2>\n    <p>Diese Website ist <strong>teilweise konform<\/strong> mit dem <abbr title=\"K\u00f6nigliches Dekret\">RD<\/abbr> 1112\/2018 wegen der Ausnahmen und der Nicht\u00fcbereinstimmung der folgenden Aspekte.<\/p>\n  <\/section>\n\n  <section>\n    <h2>Nicht zug\u00e4nglicher Inhalt<\/h2>\n    <p>Der nachstehende Inhalt ist aus den folgenden Gr\u00fcnden nicht zug\u00e4nglich:<\/p>\n    \n    <h3>Nichteinhaltung des RD 1112\/2018<\/h3>\n    <ul>\n      <li>Aufgrund der Automatisierung einiger Ver\u00f6ffentlichungen kann es Seiten mit falschen Verschachtelungs-Tags geben. <abbr title=\"HyperText Markup Language\">HTML<\/abbr>.<\/li>\n      <li>Auf einigen Webseiten kann es gelegentlich zu Bearbeitungsfehlern kommen.<\/li>\n    <\/ul>\n    \n    <h3>Unverh\u00e4ltnism\u00e4\u00dfige Belastung<\/h3>\n    <p>Nicht anwendbar.<\/p>\n  <\/section>\n\n  <section>\n    <h2>Erstellung dieser Zug\u00e4nglichkeitserkl\u00e4rung<\/h2>\n    <p>Diese Erkl\u00e4rung wurde erstellt am <time datetime=\"2023-01-18\">18. Januar 2023<\/time> und basiert auf den Web Accessibility Reports des Accessibility Observatory.<\/p>\n    \n    <p>Das Datum der letzten \u00dcberarbeitung war <time datetime=\"2023-09-23\">23. September 2023<\/time>.<\/p>\n  <\/section>\n\n  <section>\n    <h2>Bemerkungen und Kontaktangaben<\/h2>\n    <p>Sie k\u00f6nnen Mitteilungen \u00fcber Anforderungen an die Zug\u00e4nglichkeit (Artikel 10.2 der RD 1112\/2018) machen, wie z. B.:<\/p>\n    \n    <ul>\n      <li>Melden Sie m\u00f6gliche Verst\u00f6\u00dfe auf dieser Website<\/li>\n      <li>\u00dcbermittlung anderer Schwierigkeiten beim Zugang zu Inhalten<\/li>\n      <li>Stellen Sie weitere Fragen oder Verbesserungsvorschl\u00e4ge bez\u00fcglich der Zug\u00e4nglichkeit der Website.<\/li>\n    <\/ul>\n    \n    <p>\u00dcber das Kontaktformular auf dieser Website.<\/p>\n  <\/section>\n\n  <section>\n    <h2>Durchf\u00fchrungsverfahren<\/h2>\n    <p>Es wird ein angemessenes und wirksames Durchsetzungsverfahren eingerichtet, das im Falle einer unbefriedigenden Antwort auf die Mitteilung oder das Ersuchen angewandt werden sollte.<\/p>\n  <\/section>\n\n  <aside>\n    <h2>Fakultativer Inhalt<\/h2>\n    <p>Diese Website:<\/p>\n    \n    <ul>\n      <li>Sie wurde in \u00dcbereinstimmung mit den geltenden Normen und Vorschriften in Bezug auf die Zug\u00e4nglichkeit gestaltet und entspricht den in der Spezifikation der Web Content Accessibility Guidelines definierten Pr\u00fcfpunkten der Priorit\u00e4t 2 (AA) (<abbr title=\"Leitlinien f\u00fcr die Zug\u00e4nglichkeit von Webinhalten\">WCAG<\/abbr> 2.1).<\/li>\n      <li>Erf\u00fcllt die Anforderungen der Norm <abbr title=\"Eine spanisch-europ\u00e4ische Norm\">UNE-EN<\/abbr> 301549 v1.1.2:2015, unter Ber\u00fccksichtigung der Ausnahmen des K\u00f6niglichen Dekrets 1112\/2018.<\/li>\n      <li>Sie ist f\u00fcr die korrekte Darstellung auf Desktop-, Tablet- und Mobilger\u00e4ten bei einer Mindestaufl\u00f6sung von 1280\u00d71024 ausgelegt.<\/li>\n      <li>Sie wurde durchgef\u00fchrt mit <abbr title=\"HyperText Markup Language 5\">HTML5<\/abbr> als Auszeichnungssprache und Stilvorlagen <abbr title=\"Cascading Style Sheets 3\">CSS 3<\/abbr> f\u00fcr sein Design.<\/li>\n      <li>Sie ist f\u00fcr die Verwendung mit nicht-intrusivem Javascript konzipiert und bietet f\u00fcr den Fall, dass Ihr Browser es nicht unterst\u00fctzt, eine entsprechende Alternative ohne Javascript.<\/li>\n    <\/ul>\n  <\/aside>\n<\/article>\t\t\t\t\t\t\t\t<\/div>\n\t\t\t\t\t<\/div>\n\t\t\t\t<\/div>\n\t\t\t\t<\/div>","protected":false},"excerpt":{"rendered":"<p>Declaraci\u00f3n de accesibilidad Taxi Valencia Aeropuerto se compromete a hacer que su sitio web sea accesible a todos los usuarios, independientemente de sus habilidades o discapacidades. Hemos implementado medidas de accesibilidad para garantizar que nuestro sitio web cumpla con los est\u00e1ndares de accesibilidad web establecidos por la WCAG 2.0 nivel AA. Estamos continuamente trabajando para [&hellip;]<\/p>\n","protected":false},"author":1,"featured_media":0,"parent":0,"menu_order":0,"comment_status":"closed","ping_status":"closed","template":"","meta":{"inline_featured_image":false,"footnotes":""},"class_list":["post-740","page","type-page","status-publish","hentry"],"_links":{"self":[{"href":"https:\/\/taxivalenciaaeropuerto.com\/de\/wp-json\/wp\/v2\/pages\/740","targetHints":{"allow":["GET"]}}],"collection":[{"href":"https:\/\/taxivalenciaaeropuerto.com\/de\/wp-json\/wp\/v2\/pages"}],"about":[{"href":"https:\/\/taxivalenciaaeropuerto.com\/de\/wp-json\/wp\/v2\/types\/page"}],"author":[{"embeddable":true,"href":"https:\/\/taxivalenciaaeropuerto.com\/de\/wp-json\/wp\/v2\/users\/1"}],"replies":[{"embeddable":true,"href":"https:\/\/taxivalenciaaeropuerto.com\/de\/wp-json\/wp\/v2\/comments?post=740"}],"version-history":[{"count":11,"href":"https:\/\/taxivalenciaaeropuerto.com\/de\/wp-json\/wp\/v2\/pages\/740\/revisions"}],"predecessor-version":[{"id":854,"href":"https:\/\/taxivalenciaaeropuerto.com\/de\/wp-json\/wp\/v2\/pages\/740\/revisions\/854"}],"wp:attachment":[{"href":"https:\/\/taxivalenciaaeropuerto.com\/de\/wp-json\/wp\/v2\/media?parent=740"}],"curies":[{"name":"wp","href":"https:\/\/api.w.org\/{rel}","templated":true}]}}