{"id":956,"date":"2025-11-24T11:10:30","date_gmt":"2025-11-24T11:10:30","guid":{"rendered":"https:\/\/taxivalenciaaeropuerto.com\/?page_id=956"},"modified":"2026-03-10T08:42:40","modified_gmt":"2026-03-10T08:42:40","slug":"rechtshinweis","status":"publish","type":"page","link":"https:\/\/taxivalenciaaeropuerto.com\/de\/rechtshinweis\/","title":{"rendered":"Rechtlicher Hinweis"},"content":{"rendered":"<div data-elementor-type=\"wp-page\" data-elementor-id=\"956\" class=\"elementor elementor-956\" data-elementor-post-type=\"page\">\n\t\t\t\t<div class=\"elementor-element elementor-element-680c3eba e-flex e-con-boxed e-con e-parent\" data-id=\"680c3eba\" data-element_type=\"container\" data-settings=\"{&quot;jet_parallax_layout_list&quot;:[]}\">\n\t\t\t\t\t<div class=\"e-con-inner\">\n\t\t\t\t<div class=\"elementor-element elementor-element-248e7c6 elementor-widget elementor-widget-text-editor\" data-id=\"248e7c6\" data-element_type=\"widget\" data-widget_type=\"text-editor.default\">\n\t\t\t\t\t\t\t\t\t\n<h1 class=\"wp-block-heading\">Rechtlicher Hinweis<\/h1>\n\n<h2 class=\"wp-block-heading\">Eigent\u00fcmer der Website<\/h2>\n\n<p>Diese Website, die unter der URL<br \/><strong><a href=\"https:\/\/taxivalenciaaeropuerto.com\/de\/\">https:\/\/taxivalenciaaeropuerto.com<\/a><\/strong> (nachstehend die \u201cWebsite\u201d), ist Eigentum von:<\/p>\n\n<ul class=\"wp-block-list\">\n<li><strong>Halterung<\/strong>: Matilde Navarro<\/li>\n\n<li><strong>DNI<\/strong>: 24340244B<\/li>\n\n<li><strong>Adresse<\/strong>Anschrift: calle La Dansa, 2 46220, Picassent, Valencia<\/li>\n\n<li><strong>Kontakt-E-Mail-Adresse<\/strong>: <a>info@taxivalenciaaeropuerto.com<\/a><\/li>\n<\/ul>\n\n<p>(im Folgenden als \u201cInhaber\u201d bezeichnet).<\/p>\n\n<h2 class=\"wp-block-heading\">Objekt<\/h2>\n\n<p>Zweck der Website ist es, Informationen \u00fcber Taxidienste in Valencia bereitzustellen sowie die Anfrage und Verwaltung von Transportbuchungen, insbesondere zum und vom Flughafen Valencia, zu erm\u00f6glichen.<\/p>\n\n<p>Die Nutzung der Website setzt die uneingeschr\u00e4nkte Zustimmung zu diesen rechtlichen Hinweisen voraus. Wenn Sie mit diesen Bedingungen nicht einverstanden sind, nutzen Sie die Website bitte nicht.<\/p>\n\n<h2 class=\"wp-block-heading\">Bedingungen f\u00fcr Zugang und Nutzung<\/h2>\n\n<ol class=\"wp-block-list\">\n<li>Der Zugriff auf die Website ist f\u00fcr die Nutzer kostenlos, unbeschadet der Verbindungskosten, die vom Internet-Zugangsanbieter des Nutzers erhoben werden k\u00f6nnen.<\/li>\n\n<li>Der Nutzer verpflichtet sich, die Website, ihre Inhalte und die angebotenen Dienste in angemessener Weise zu nutzen und dabei jederzeit das Gesetz, Treu und Glauben, die \u00f6ffentliche Ordnung und diesen rechtlichen Hinweis zu beachten.<\/li>\n\n<li>Es ist ausdr\u00fccklich verboten:\n<ul class=\"wp-block-list\">\n<li>die Website f\u00fcr Zwecke zu nutzen, die rechtswidrig sind oder die Rechte und Interessen des Eigent\u00fcmers oder Dritter verletzen,<\/li>\n\n<li>Sch\u00e4den an den physischen oder logischen Systemen des Eigent\u00fcmers, seiner Lieferanten oder Dritter verursachen,<\/li>\n\n<li>versuchen, auf die Daten des Eigent\u00fcmers, anderer Nutzer oder Dritter zuzugreifen, sie zu nutzen oder zu manipulieren.<\/li>\n<\/ul>\n<\/li>\n\n<li>Der Eigent\u00fcmer beh\u00e4lt sich das Recht vor, den Zugang zur Website sowie die Bereitstellung von Dienstleistungen oder Inhalten ohne vorherige Ank\u00fcndigung zu \u00e4ndern, auszusetzen, einzuschr\u00e4nken oder vor\u00fcbergehend oder dauerhaft zu unterbrechen.<\/li>\n<\/ol>\n\n<h2 class=\"wp-block-heading\">Geistiges und gewerbliches Eigentum<\/h2>\n\n<ol class=\"wp-block-list\">\n<li>Alle Inhalte der Website (einschlie\u00dflich, aber nicht beschr\u00e4nkt auf: Texte, Fotos, Grafiken, Icons, Bilder, Logos, grafisches Design, Software, Quellcode sowie das Design und die Navigationsstruktur) sind Eigentum des Eigent\u00fcmers oder von Dritten, die ihre Verwendung genehmigt haben.<\/li>\n\n<li>Die Vervielf\u00e4ltigung, Verbreitung, \u00f6ffentliche Wiedergabe, Umwandlung oder jede andere Form der Verwertung dieser Inhalte, ganz oder teilweise, ist ohne vorherige und ausdr\u00fcckliche Genehmigung des Eigent\u00fcmers strengstens untersagt.<\/li>\n\n<li>Der Nutzer verpflichtet sich, die geistigen und gewerblichen Eigentumsrechte des Eigent\u00fcmers und Dritter zu respektieren und die Inhalte der Website ausschlie\u00dflich f\u00fcr den pers\u00f6nlichen und nicht kommerziellen Gebrauch zu nutzen.<\/li>\n<\/ol>\n\n<h2 class=\"wp-block-heading\">Schutz von personenbezogenen Daten<\/h2>\n\n<p>Der Inhaber h\u00e4lt sich an die geltenden Rechtsvorschriften zum Schutz personenbezogener Daten, einschlie\u00dflich der Verordnung (EU) 2016\/679 (GDPR) und des Organgesetzes 3\/2018 \u00fcber den Schutz personenbezogener Daten und die Gew\u00e4hrleistung der digitalen Rechte.<\/p>\n\n<p>Ausf\u00fchrliche Informationen \u00fcber die Verarbeitung personenbezogener Daten, die \u00fcber die Website erhoben werden (Kontaktformulare, Buchungsformulare, E-Mail usw.), finden Sie in der <strong>Datenschutzbestimmungen<\/strong>, die auf einer speziellen Seite der Website abrufbar sein werden.<\/p>\n\n<p>Auf jeden Fall:<\/p>\n\n<ul class=\"wp-block-list\">\n<li>Die vom Nutzer zur Verf\u00fcgung gestellten Daten werden f\u00fcr die Bearbeitung von Anfragen, Kostenvoranschl\u00e4gen, Buchungen von Taxidiensten, damit zusammenh\u00e4ngende Mitteilungen und gegebenenfalls f\u00fcr rechtliche und buchhalterische Verpflichtungen verwendet;<\/li>\n\n<li>der nutzer garantiert, dass die angegebenen daten wahrheitsgetreu, genau, vollst\u00e4ndig und aktuell sind, und haftet f\u00fcr alle sch\u00e4den, die sich aus der f\u00e4lschung oder ungenauigkeit der daten ergeben k\u00f6nnen;<\/li>\n\n<li>der nutzer kann sein recht auf zugang, berichtigung, l\u00f6schung, widerspruch, einschr\u00e4nkung der verarbeitung und portabilit\u00e4t aus\u00fcben, indem er einen schriftlichen antrag zusammen mit einer kopie seines ausweises an die in diesem rechtlichen hinweis angegebene postanschrift oder per e-mail an <strong><a>info@taxivalenciaaeropuerto.com<\/a><\/strong>.<\/li>\n<\/ul>\n\n<h2 class=\"wp-block-heading\">Bedingungen f\u00fcr die Beauftragung von Dienstleistungen<\/h2>\n\n<ol class=\"wp-block-list\">\n<li>Die Reservierung von Taxidienstleistungen, die \u00fcber die Website erfolgt, wird als Anfrage verstanden, die anschlie\u00dfend vom Inhaber \u00fcber die angegebenen Kan\u00e4le (E-Mail, Telefon, Nachricht usw.) best\u00e4tigt wird.<\/li>\n\n<li>Fahrpreise, Stornobedingungen, Gep\u00e4ckzuschl\u00e4ge, Nachtfahrpl\u00e4ne, Feiertage oder anderes sind auf der Website anzugeben oder dem Nutzer vor der Best\u00e4tigung des Dienstes deutlich mitzuteilen.<\/li>\n\n<li>Der Nutzer verpflichtet sich, wahrheitsgem\u00e4\u00dfe Angaben zum Abholort, zum Zielort, zur Anzahl der Fahrg\u00e4ste und des Gep\u00e4cks sowie zu allen anderen f\u00fcr die ordnungsgem\u00e4\u00dfe Erbringung der Dienstleistung relevanten Informationen zu machen.<\/li>\n\n<li>Der Eigent\u00fcmer beh\u00e4lt sich das Recht vor, eine Reservierung nicht zu akzeptieren oder zu stornieren, wenn:\n<ul class=\"wp-block-list\">\n<li>die oben genannten Bedingungen nicht erf\u00fcllt sind,<\/li>\n\n<li>die bereitgestellten Informationen offensichtliche Fehler enthalten,<\/li>\n\n<li>in F\u00e4llen h\u00f6herer Gewalt oder unter Umst\u00e4nden, die eine sichere Ausf\u00fchrung der Dienstleistung unm\u00f6glich machen.<\/li>\n<\/ul>\n<\/li>\n<\/ol>\n\n<h2 class=\"wp-block-heading\">Ausschluss der Haftung<\/h2>\n\n<ol class=\"wp-block-list\">\n<li>Der Eigent\u00fcmer \u00fcbernimmt keine Haftung f\u00fcr Sch\u00e4den jeglicher Art, die daraus entstehen k\u00f6nnen:\n<ul class=\"wp-block-list\">\n<li>die mangelnde Verf\u00fcgbarkeit, Wartung oder effektive Funktion der Website oder ihrer Dienste und Inhalte,<\/li>\n\n<li>das Vorhandensein von Viren, b\u00f6sartigen oder sch\u00e4dlichen Programmen in den Inhalten,<\/li>\n\n<li>rechtswidrige, fahrl\u00e4ssige, betr\u00fcgerische oder gegen diesen rechtlichen Hinweis versto\u00dfende Nutzung durch die Nutzer.<\/li>\n<\/ul>\n<\/li>\n\n<li>Der Eigent\u00fcmer unternimmt angemessene Schritte, um den Inhalt der Website auf dem neuesten Stand und fehlerfrei zu halten, \u00fcbernimmt jedoch keine Garantie f\u00fcr die Richtigkeit, Vollst\u00e4ndigkeit oder Aktualit\u00e4t der ver\u00f6ffentlichten Informationen.<\/li>\n\n<li>In keinem Fall haftet der Halter f\u00fcr Sch\u00e4den, die ihm nicht unmittelbar zuzurechnen sind, f\u00fcr Vorsatz oder grobe Fahrl\u00e4ssigkeit.<\/li>\n<\/ol>\n\n<h2 class=\"wp-block-heading\">Links zu Dritten<\/h2>\n\n<ol class=\"wp-block-list\">\n<li>Die Website kann Links zu Websites von Dritten enthalten, die nur zu Informationszwecken bereitgestellt werden.<\/li>\n\n<li>Der Eigent\u00fcmer ist nicht verantwortlich f\u00fcr den Inhalt, die Dienstleistungen, die Produkte oder andere Materialien, die sich auf externen Websites befinden, die von dieser Website aus verlinkt sind.<\/li>\n\n<li>Die Aufnahme solcher Links impliziert keine Verbindung, Empfehlung, F\u00f6rderung oder Identifizierung des Eigent\u00fcmers mit den Eigent\u00fcmern dieser Websites.<\/li>\n<\/ol>\n\n<h2 class=\"wp-block-heading\">Links zu dieser Website von anderen Websites<\/h2>\n\n<p>Es ist verboten, Links von externen Seiten auf die Website zu setzen, die illegale, verleumderische, gewaltt\u00e4tige, diskriminierende oder gegen das Gesetz, die Moral oder die \u00f6ffentliche Ordnung versto\u00dfende Inhalte enthalten. In jedem Fall muss der Link es erm\u00f6glichen, die Website in ihrer Gesamtheit unter der angegebenen URL zu betrachten, ohne Framing oder \u00e4hnliche Techniken, die das urspr\u00fcngliche Erscheinungsbild ver\u00e4ndern.<\/p>\n\n<h2 class=\"wp-block-heading\">Kommunikation<\/h2>\n\n<p>F\u00fcr die Kommunikation zwischen dem Nutzer und dem Eigent\u00fcmer sind die folgenden M\u00f6glichkeiten vorgesehen:<\/p>\n\n<ul class=\"wp-block-list\">\n<li>Postanschrift: calle La Dansa, 2 6-9, 46220, Picassent, Valencia<\/li>\n\n<li>E-Mail: <strong><a>info@taxivalenciaaeropuerto.com<\/a><\/strong><\/li>\n<\/ul>\n\n<p>Der Nutzer erkennt an, dass die elektronische Kommunikation f\u00fcr alle rechtlichen Zwecke g\u00fcltig ist, solange ihre Herkunft und Integrit\u00e4t anerkannt wird.<\/p>\n\n<h2 class=\"wp-block-heading\">Anwendbares Recht und Gerichtsbarkeit<\/h2>\n\n<p>Dieser Rechtshinweis unterliegt dem spanischen Recht.<\/p>\n\n<p>F\u00fcr die Beilegung von Konflikten oder Streitigkeiten, die sich aus dem Zugriff auf die Website oder deren Nutzung ergeben k\u00f6nnten, unterwerfen sich die Parteien den Gerichten, die nach den geltenden Vorschriften zust\u00e4ndig sind.<\/p>\n\n<h2 class=\"wp-block-heading\">Datum der letzten Aktualisierung<\/h2>\n\n<p>Dieser rechtliche Hinweis wurde zuletzt an diesem Datum aktualisiert: <strong>24\/11\/2025<\/strong>.<\/p>\n\n<p>\u00a0<\/p>\n\t\t\t\t\t\t\t\t<\/div>\n\t\t\t\t\t<\/div>\n\t\t\t\t<\/div>\n\t\t\t\t<\/div>","protected":false},"excerpt":{"rendered":"<p>Aviso legal Titular del sitio web El presente sitio web, accesible en la URLhttps:\/\/taxivalenciaaeropuerto.com (en adelante, el \u201csitio web\u201d), es titularidad de: (en adelante, el \u201ctitular\u201d). Objeto El sitio web tiene por objeto ofrecer informaci\u00f3n sobre servicios de taxi en Valencia, as\u00ed como permitir la solicitud y gesti\u00f3n de reservas de transporte, especialmente hacia y [&hellip;]<\/p>\n","protected":false},"author":1,"featured_media":0,"parent":0,"menu_order":0,"comment_status":"closed","ping_status":"closed","template":"","meta":{"inline_featured_image":false,"footnotes":""},"class_list":["post-956","page","type-page","status-publish","hentry"],"_links":{"self":[{"href":"https:\/\/taxivalenciaaeropuerto.com\/de\/wp-json\/wp\/v2\/pages\/956","targetHints":{"allow":["GET"]}}],"collection":[{"href":"https:\/\/taxivalenciaaeropuerto.com\/de\/wp-json\/wp\/v2\/pages"}],"about":[{"href":"https:\/\/taxivalenciaaeropuerto.com\/de\/wp-json\/wp\/v2\/types\/page"}],"author":[{"embeddable":true,"href":"https:\/\/taxivalenciaaeropuerto.com\/de\/wp-json\/wp\/v2\/users\/1"}],"replies":[{"embeddable":true,"href":"https:\/\/taxivalenciaaeropuerto.com\/de\/wp-json\/wp\/v2\/comments?post=956"}],"version-history":[{"count":5,"href":"https:\/\/taxivalenciaaeropuerto.com\/de\/wp-json\/wp\/v2\/pages\/956\/revisions"}],"predecessor-version":[{"id":1073,"href":"https:\/\/taxivalenciaaeropuerto.com\/de\/wp-json\/wp\/v2\/pages\/956\/revisions\/1073"}],"wp:attachment":[{"href":"https:\/\/taxivalenciaaeropuerto.com\/de\/wp-json\/wp\/v2\/media?parent=956"}],"curies":[{"name":"wp","href":"https:\/\/api.w.org\/{rel}","templated":true}]}}