{"id":740,"date":"2025-09-26T00:36:59","date_gmt":"2025-09-26T00:36:59","guid":{"rendered":"https:\/\/taxivalenciaaeropuerto.com\/?page_id=740"},"modified":"2025-09-29T13:20:59","modified_gmt":"2025-09-29T13:20:59","slug":"declaration-daccessibilite","status":"publish","type":"page","link":"https:\/\/taxivalenciaaeropuerto.com\/fr\/declaration-daccessibilite\/","title":{"rendered":"D\u00e9claration d'accessibilit\u00e9"},"content":{"rendered":"<div data-elementor-type=\"wp-page\" data-elementor-id=\"740\" class=\"elementor elementor-740\" data-elementor-post-type=\"page\">\n\t\t\t\t<div class=\"elementor-element elementor-element-a1fae77 taxi-pattern-container e-flex e-con-boxed e-con e-parent\" data-id=\"a1fae77\" data-element_type=\"container\" data-settings=\"{&quot;jet_parallax_layout_list&quot;:[]}\">\n\t\t\t\t\t<div class=\"e-con-inner\">\n\t\t\t\t<div class=\"elementor-element elementor-element-7de7bff elementor-widget__width-inherit elementor-widget elementor-widget-heading\" data-id=\"7de7bff\" data-element_type=\"widget\" data-widget_type=\"heading.default\">\n\t\t\t\t\t<h1 class=\"elementor-heading-title elementor-size-default\">D\u00e9claration d'accessibilit\u00e9<\/h1>\t\t\t\t<\/div>\n\t\t\t\t<div class=\"elementor-element elementor-element-fff537c elementor-widget-divider--view-line elementor-widget elementor-widget-divider\" data-id=\"fff537c\" data-element_type=\"widget\" data-widget_type=\"divider.default\">\n\t\t\t\t\t\t\t<div class=\"elementor-divider\">\n\t\t\t<span class=\"elementor-divider-separator\">\n\t\t\t\t\t\t<\/span>\n\t\t<\/div>\n\t\t\t\t\t\t<\/div>\n\t\t\t\t<div class=\"elementor-element elementor-element-0dbc85d elementor-widget elementor-widget-text-editor\" data-id=\"0dbc85d\" data-element_type=\"widget\" data-widget_type=\"text-editor.default\">\n\t\t\t\t\t\t\t\t\t<section>\n    <p>Taxi Valencia Airport s'engage \u00e0 rendre son site Web accessible \u00e0 tous les utilisateurs, quels que soient leurs capacit\u00e9s ou leurs handicaps. Nous avons mis en \u0153uvre des mesures d'accessibilit\u00e9 afin de garantir que notre site Web est conforme aux normes d'accessibilit\u00e9 du Web \u00e9tablies par la <abbr title=\"Lignes directrices sur l&#039;accessibilit\u00e9 du contenu web\">WCAG<\/abbr> 2.0 niveau AA. Nous travaillons en permanence \u00e0 l'am\u00e9lioration de l'accessibilit\u00e9 de notre site web et vous invitons \u00e0 nous contacter si vous avez des commentaires ou des suggestions sur la mani\u00e8re dont nous pouvons am\u00e9liorer l'accessibilit\u00e9 de notre site web.<\/p>\n  <\/section>\n\n  <section>\n    <h2>Le cadre juridique<\/h2>\n    <p>Taxi Valencia Airport s'engage \u00e0 rendre ses sites web accessibles, conform\u00e9ment au d\u00e9cret royal 1112\/2018, du 7 septembre, sur l'accessibilit\u00e9 des sites web et des applications du secteur public pour les appareils mobiles, qui transpose en droit espagnol la directive (...).<abbr title=\"Union europ\u00e9enne\">L'UE<\/abbr>) 2016\/2102 du Parlement europ\u00e9en et du Conseil.<\/p>\n    \n    <p>Cette d\u00e9claration d'accessibilit\u00e9 s'applique au portail institutionnel <strong>taxivalenciaaeropuerto.com<\/strong>.<\/p>\n  <\/section>\n\n  <section>\n    <h2>\u00c9tat de conformit\u00e9<\/h2>\n    <p>Ce site web est <strong>partiellement conforme<\/strong> avec le <abbr title=\"Arr\u00eat\u00e9 royal\">RD<\/abbr> 1112\/2018 en raison des exceptions et de la non-conformit\u00e9 des aspects suivants.<\/p>\n  <\/section>\n\n  <section>\n    <h2>Contenu non accessible<\/h2>\n    <p>Le contenu ci-dessous n'est pas accessible pour les raisons suivantes :<\/p>\n    \n    <h3>Non-conformit\u00e9 avec le RD 1112\/2018<\/h3>\n    <ul>\n      <li>En raison de l'automatisation de certaines publications, il se peut que des pages contiennent des balises d'imbrication incorrectes. <abbr title=\"Langage de balisage hypertexte\">HTML<\/abbr>.<\/li>\n      <li>Certaines pages web peuvent contenir des erreurs d'\u00e9dition occasionnelles.<\/li>\n    <\/ul>\n    \n    <h3>Charge disproportionn\u00e9e<\/h3>\n    <p>Sans objet.<\/p>\n  <\/section>\n\n  <section>\n    <h2>Pr\u00e9paration de la pr\u00e9sente d\u00e9claration d'accessibilit\u00e9<\/h2>\n    <p>Cette d\u00e9claration a \u00e9t\u00e9 pr\u00e9par\u00e9e le <time datetime=\"2023-01-18\">18 janvier 2023<\/time> et s'appuie sur les rapports sur l'accessibilit\u00e9 du Web de l'Observatoire de l'accessibilit\u00e9.<\/p>\n    \n    <p>La date de la derni\u00e8re r\u00e9vision \u00e9tait <time datetime=\"2023-09-23\">23 septembre 2023<\/time>.<\/p>\n  <\/section>\n\n  <section>\n    <h2>Remarques et coordonn\u00e9es<\/h2>\n    <p>Vous pouvez faire des communications sur les exigences en mati\u00e8re d'accessibilit\u00e9 (article 10.2 du RD 1112\/2018) telles que<\/p>\n    \n    <ul>\n      <li>Signaler tout cas \u00e9ventuel de non-respect des r\u00e8gles par ce site web<\/li>\n      <li>Transmettre d'autres difficult\u00e9s d'acc\u00e8s au contenu<\/li>\n      <li>Poser toute autre question ou suggestion d'am\u00e9lioration concernant l'accessibilit\u00e9 du site web.<\/li>\n    <\/ul>\n    \n    <p>Via le formulaire de contact de ce site web.<\/p>\n  <\/section>\n\n  <section>\n    <h2>Proc\u00e9dure de mise en \u0153uvre<\/h2>\n    <p>Une proc\u00e9dure d'ex\u00e9cution ad\u00e9quate et efficace sera mise en place et devra \u00eatre utilis\u00e9e en cas de r\u00e9ponse insatisfaisante \u00e0 la communication ou \u00e0 la demande.<\/p>\n  <\/section>\n\n  <aside>\n    <h2>Contenu optionnel<\/h2>\n    <p>Ce site web :<\/p>\n    \n    <ul>\n      <li>Il a \u00e9t\u00e9 con\u00e7u conform\u00e9ment aux normes et r\u00e9glementations en vigueur en mati\u00e8re d'accessibilit\u00e9, en respectant les points de contr\u00f4le de la priorit\u00e9 2 (AA) d\u00e9finis dans la sp\u00e9cification Web Content Accessibility Guidelines (<abbr title=\"Lignes directrices sur l&#039;accessibilit\u00e9 du contenu web\">WCAG<\/abbr> 2.1).<\/li>\n      <li>Conforme aux exigences de la norme <abbr title=\"Une norme hispano-europ\u00e9enne\">UNE-EN<\/abbr> 301549 v1.1.2:2015, compte tenu des exceptions pr\u00e9vues par le d\u00e9cret royal 1112\/2018.<\/li>\n      <li>Il est con\u00e7u pour s'afficher correctement sur les ordinateurs de bureau, les tablettes et les appareils mobiles avec une r\u00e9solution minimale de 1280\u00d71024.<\/li>\n      <li>Elle a \u00e9t\u00e9 r\u00e9alis\u00e9e en utilisant <abbr title=\"Langage de balisage hypertexte 5\">HTML5<\/abbr> comme langage de balisage et feuilles de style <abbr title=\"Feuilles de style en cascade 3\">CSS 3<\/abbr> pour sa conception.<\/li>\n      <li>Il est con\u00e7u pour \u00eatre utilis\u00e9 avec un javascript non intrusif et offre, au cas o\u00f9 votre navigateur ne le prendrait pas en charge, une alternative correspondante non javascript.<\/li>\n    <\/ul>\n  <\/aside>\n<\/article>\t\t\t\t\t\t\t\t<\/div>\n\t\t\t\t\t<\/div>\n\t\t\t\t<\/div>\n\t\t\t\t<\/div>","protected":false},"excerpt":{"rendered":"<p>Declaraci\u00f3n de accesibilidad Taxi Valencia Aeropuerto se compromete a hacer que su sitio web sea accesible a todos los usuarios, independientemente de sus habilidades o discapacidades. Hemos implementado medidas de accesibilidad para garantizar que nuestro sitio web cumpla con los est\u00e1ndares de accesibilidad web establecidos por la WCAG 2.0 nivel AA. Estamos continuamente trabajando para [&hellip;]<\/p>\n","protected":false},"author":1,"featured_media":0,"parent":0,"menu_order":0,"comment_status":"closed","ping_status":"closed","template":"","meta":{"inline_featured_image":false,"footnotes":""},"class_list":["post-740","page","type-page","status-publish","hentry"],"_links":{"self":[{"href":"https:\/\/taxivalenciaaeropuerto.com\/fr\/wp-json\/wp\/v2\/pages\/740","targetHints":{"allow":["GET"]}}],"collection":[{"href":"https:\/\/taxivalenciaaeropuerto.com\/fr\/wp-json\/wp\/v2\/pages"}],"about":[{"href":"https:\/\/taxivalenciaaeropuerto.com\/fr\/wp-json\/wp\/v2\/types\/page"}],"author":[{"embeddable":true,"href":"https:\/\/taxivalenciaaeropuerto.com\/fr\/wp-json\/wp\/v2\/users\/1"}],"replies":[{"embeddable":true,"href":"https:\/\/taxivalenciaaeropuerto.com\/fr\/wp-json\/wp\/v2\/comments?post=740"}],"version-history":[{"count":11,"href":"https:\/\/taxivalenciaaeropuerto.com\/fr\/wp-json\/wp\/v2\/pages\/740\/revisions"}],"predecessor-version":[{"id":854,"href":"https:\/\/taxivalenciaaeropuerto.com\/fr\/wp-json\/wp\/v2\/pages\/740\/revisions\/854"}],"wp:attachment":[{"href":"https:\/\/taxivalenciaaeropuerto.com\/fr\/wp-json\/wp\/v2\/media?parent=740"}],"curies":[{"name":"wp","href":"https:\/\/api.w.org\/{rel}","templated":true}]}}