{"id":956,"date":"2025-11-24T11:10:30","date_gmt":"2025-11-24T11:10:30","guid":{"rendered":"https:\/\/taxivalenciaaeropuerto.com\/?page_id=956"},"modified":"2026-03-10T08:42:40","modified_gmt":"2026-03-10T08:42:40","slug":"avis-juridique","status":"publish","type":"page","link":"https:\/\/taxivalenciaaeropuerto.com\/fr\/avis-juridique\/","title":{"rendered":"Avis juridique"},"content":{"rendered":"<div data-elementor-type=\"wp-page\" data-elementor-id=\"956\" class=\"elementor elementor-956\" data-elementor-post-type=\"page\">\n\t\t\t\t<div class=\"elementor-element elementor-element-680c3eba e-flex e-con-boxed e-con e-parent\" data-id=\"680c3eba\" data-element_type=\"container\" data-settings=\"{&quot;jet_parallax_layout_list&quot;:[]}\">\n\t\t\t\t\t<div class=\"e-con-inner\">\n\t\t\t\t<div class=\"elementor-element elementor-element-248e7c6 elementor-widget elementor-widget-text-editor\" data-id=\"248e7c6\" data-element_type=\"widget\" data-widget_type=\"text-editor.default\">\n\t\t\t\t\t\t\t\t\t\n<h1 class=\"wp-block-heading\">Avis juridique<\/h1>\n\n<h2 class=\"wp-block-heading\">Propri\u00e9taire du site web<\/h2>\n\n<p>Ce site web, accessible \u00e0 l'URL<br \/><strong><a href=\"https:\/\/taxivalenciaaeropuerto.com\/fr\/\">https:\/\/taxivalenciaaeropuerto.com<\/a><\/strong> (ci-apr\u00e8s, le \u201csite web\u201d), est la propri\u00e9t\u00e9 de :<\/p>\n\n<ul class=\"wp-block-list\">\n<li><strong>Titulaire<\/strong>Matilde Navarro<\/li>\n\n<li><strong>DNI<\/strong>: 24340244B<\/li>\n\n<li><strong>Adresse<\/strong>Adresse : calle La Dansa, 2 46220, Picassent, Valencia<\/li>\n\n<li><strong>Adresse \u00e9lectronique du contact<\/strong>: <a>info@taxivalenciaaeropuerto.com<\/a><\/li>\n<\/ul>\n\n<p>(ci-apr\u00e8s d\u00e9nomm\u00e9 \u201cle titulaire\u201d).<\/p>\n\n<h2 class=\"wp-block-heading\">Objet<\/h2>\n\n<p>L'objectif du site est de fournir des informations sur les services de taxi \u00e0 Valence, ainsi que de permettre la demande et la gestion de r\u00e9servations de transport, en particulier de et vers l'a\u00e9roport de Valence.<\/p>\n\n<p>L'utilisation du site web implique l'acceptation totale du pr\u00e9sent avis juridique. Si vous n'acceptez pas ces conditions, veuillez ne pas utiliser le site web.<\/p>\n\n<h2 class=\"wp-block-heading\">Conditions d'acc\u00e8s et d'utilisation<\/h2>\n\n<ol class=\"wp-block-list\">\n<li>L'acc\u00e8s au site est gratuit pour les utilisateurs, sans pr\u00e9judice du co\u00fbt de connexion \u00e9ventuellement appliqu\u00e9 par le fournisseur d'acc\u00e8s \u00e0 Internet de l'utilisateur.<\/li>\n\n<li>L'utilisateur s'engage \u00e0 faire un usage appropri\u00e9 du site web, de ses contenus et des services offerts, en respectant \u00e0 tout moment la loi, la bonne foi, l'ordre public et le pr\u00e9sent avis juridique.<\/li>\n\n<li>C'est express\u00e9ment interdit :\n<ul class=\"wp-block-list\">\n<li>utiliser le site web \u00e0 des fins ill\u00e9gales ou pr\u00e9judiciables aux droits et aux int\u00e9r\u00eats du propri\u00e9taire ou de tiers,<\/li>\n\n<li>causer des dommages aux syst\u00e8mes physiques ou logiques du propri\u00e9taire, de ses fournisseurs ou de tiers,<\/li>\n\n<li>tenter d'acc\u00e9der, d'utiliser ou de manipuler les donn\u00e9es du propri\u00e9taire, d'autres utilisateurs ou de tiers.<\/li>\n<\/ul>\n<\/li>\n\n<li>Le propri\u00e9taire se r\u00e9serve le droit de modifier, suspendre, limiter ou interrompre, temporairement ou d\u00e9finitivement, l'acc\u00e8s au site web, ainsi que la fourniture de tout service ou contenu, sans avis pr\u00e9alable.<\/li>\n<\/ol>\n\n<h2 class=\"wp-block-heading\">Propri\u00e9t\u00e9 intellectuelle et industrielle<\/h2>\n\n<ol class=\"wp-block-list\">\n<li>Tous les contenus du site web (y compris, mais sans s'y limiter, les textes, les photographies, les graphiques, les ic\u00f4nes, les images, les logos, la conception graphique, les logiciels, le code source, ainsi que la conception et la structure de navigation) sont la propri\u00e9t\u00e9 du propri\u00e9taire ou de tiers qui en ont autoris\u00e9 l'utilisation.<\/li>\n\n<li>La reproduction, la distribution, la communication publique, la transformation ou toute autre forme d'exploitation, totale ou partielle, de ces contenus sans l'autorisation pr\u00e9alable et expresse du propri\u00e9taire est strictement interdite.<\/li>\n\n<li>L'utilisateur s'engage \u00e0 respecter les droits de propri\u00e9t\u00e9 intellectuelle et industrielle du propri\u00e9taire et des tiers, en utilisant les contenus du site web exclusivement \u00e0 des fins personnelles et non commerciales.<\/li>\n<\/ol>\n\n<h2 class=\"wp-block-heading\">Protection des donn\u00e9es personnelles<\/h2>\n\n<p>Le titulaire respecte la l\u00e9gislation en vigueur en mati\u00e8re de protection des donn\u00e9es personnelles, notamment le r\u00e8glement (UE) 2016\/679 (GDPR) et la loi organique 3\/2018 relative \u00e0 la protection des donn\u00e9es personnelles et \u00e0 la garantie des droits num\u00e9riques.<\/p>\n\n<p>Des informations d\u00e9taill\u00e9es sur le traitement des donn\u00e9es personnelles collect\u00e9es par le biais du site web (formulaires de contact, formulaires de r\u00e9servation, courrier \u00e9lectronique, etc. <strong>politique de confidentialit\u00e9<\/strong>, qui sera disponible sur une page d\u00e9di\u00e9e du site web.<\/p>\n\n<p>En tout \u00e9tat de cause :<\/p>\n\n<ul class=\"wp-block-list\">\n<li>les donn\u00e9es fournies par l'utilisateur seront utilis\u00e9es pour g\u00e9rer les demandes de renseignements, les demandes de devis, les r\u00e9servations de services de taxi, les communications connexes et, le cas \u00e9ch\u00e9ant, les obligations l\u00e9gales et comptables ;<\/li>\n\n<li>l'utilisateur garantit que les donn\u00e9es fournies sont vraies, exactes, compl\u00e8tes et \u00e0 jour, \u00e9tant responsable de tout dommage ou pr\u00e9judice pouvant d\u00e9couler de la fausset\u00e9 ou de l'inexactitude de ces donn\u00e9es ;<\/li>\n\n<li>l'utilisateur peut exercer ses droits d'acc\u00e8s, de rectification, d'effacement, d'opposition, de limitation du traitement et de portabilit\u00e9, en adressant une demande \u00e9crite accompagn\u00e9e d'une copie de sa pi\u00e8ce d'identit\u00e9 \u00e0 l'adresse postale indiqu\u00e9e dans le pr\u00e9sent avis juridique ou \u00e0 l'adresse \u00e9lectronique suivante <strong><a>info@taxivalenciaaeropuerto.com<\/a><\/strong>.<\/li>\n<\/ul>\n\n<h2 class=\"wp-block-heading\">Conditions de passation des march\u00e9s de services<\/h2>\n\n<ol class=\"wp-block-list\">\n<li>La r\u00e9servation de services de taxi effectu\u00e9e par l'interm\u00e9diaire du site Web est consid\u00e9r\u00e9e comme une demande qui sera confirm\u00e9e ult\u00e9rieurement par le titulaire par les canaux indiqu\u00e9s (courriel, t\u00e9l\u00e9phone, message, etc.).<\/li>\n\n<li>Les tarifs, les conditions d'annulation, les suppl\u00e9ments pour les bagages, les horaires de nuit, les jours f\u00e9ri\u00e9s ou autres sont indiqu\u00e9s sur le site web ou clairement communiqu\u00e9s \u00e0 l'utilisateur avant la confirmation du service.<\/li>\n\n<li>L'utilisateur s'engage \u00e0 fournir des informations v\u00e9ridiques sur le lieu de prise en charge, la destination, le nombre de passagers et de bagages, ainsi que toute autre information pertinente pour la bonne ex\u00e9cution du service.<\/li>\n\n<li>Le propri\u00e9taire se r\u00e9serve le droit de ne pas accepter ou d'annuler une r\u00e9servation dans les cas suivants :\n<ul class=\"wp-block-list\">\n<li>les conditions ci-dessus ne sont pas remplies,<\/li>\n\n<li>il y a des erreurs \u00e9videntes dans les informations fournies,<\/li>\n\n<li>en cas de force majeure ou de circonstances rendant impossible l'ex\u00e9cution du service en toute s\u00e9curit\u00e9.<\/li>\n<\/ul>\n<\/li>\n<\/ol>\n\n<h2 class=\"wp-block-heading\">Exclusion de la responsabilit\u00e9<\/h2>\n\n<ol class=\"wp-block-list\">\n<li>Le propri\u00e9taire d\u00e9cline toute responsabilit\u00e9 pour les dommages de quelque nature que ce soit qui pourraient r\u00e9sulter de ce qui suit :\n<ul class=\"wp-block-list\">\n<li>le manque de disponibilit\u00e9, de maintenance ou de fonctionnement efficace du site web ou de ses services et contenus,<\/li>\n\n<li>l'existence de virus, de programmes malveillants ou nuisibles dans le contenu,<\/li>\n\n<li>l'utilisation ill\u00e9gale, n\u00e9gligente, frauduleuse ou contraire au pr\u00e9sent avis juridique par les utilisateurs.<\/li>\n<\/ul>\n<\/li>\n\n<li>Le propri\u00e9taire prend des mesures raisonnables pour que le contenu du site Web soit \u00e0 jour et exempt d'erreurs, mais ne garantit pas l'exactitude, l'exhaustivit\u00e9 ou l'actualit\u00e9 des informations publi\u00e9es.<\/li>\n\n<li>Le titulaire n'est en aucun cas responsable des dommages qui ne lui sont pas directement imputables en cas d'intention ou de n\u00e9gligence grave.<\/li>\n<\/ol>\n\n<h2 class=\"wp-block-heading\">Liens avec des tiers<\/h2>\n\n<ol class=\"wp-block-list\">\n<li>Le site web peut inclure des liens vers des sites web de tiers, qui sont fournis \u00e0 titre d'information uniquement.<\/li>\n\n<li>Le propri\u00e9taire n'est pas responsable du contenu, des services, des produits ou de tout autre mat\u00e9riel trouv\u00e9 sur les sites web externes li\u00e9s \u00e0 ce site.<\/li>\n\n<li>L'inclusion de ces liens n'implique aucune association, recommandation, parrainage ou identification du propri\u00e9taire avec les propri\u00e9taires de ces sites web.<\/li>\n<\/ol>\n\n<h2 class=\"wp-block-heading\">Liens vers le site web \u00e0 partir d'autres sites<\/h2>\n\n<p>Il est interdit d'introduire des liens vers le site web \u00e0 partir de pages externes dont le contenu est ill\u00e9gal, diffamatoire, violent, discriminatoire ou contraire \u00e0 la loi, aux bonnes m\u0153urs ou \u00e0 l'ordre public. Dans tous les cas, le lien doit permettre la visualisation int\u00e9grale du site \u00e0 l'URL indiqu\u00e9, sans framing ou techniques similaires qui en alt\u00e8rent l'aspect original.<\/p>\n\n<h2 class=\"wp-block-heading\">Communications<\/h2>\n\n<p>Pour les communications entre l'utilisateur et le propri\u00e9taire, les moyens suivants sont activ\u00e9s :<\/p>\n\n<ul class=\"wp-block-list\">\n<li>Adresse postale : calle La Dansa, 2 6-9, 46220, Picassent, Valencia<\/li>\n\n<li>E-mail : <strong><a>info@taxivalenciaaeropuerto.com<\/a><\/strong><\/li>\n<\/ul>\n\n<p>L'utilisateur accepte que les communications \u00e9lectroniques soient valables \u00e0 toutes fins juridiques pour autant que leur origine et leur int\u00e9grit\u00e9 soient accr\u00e9dit\u00e9es.<\/p>\n\n<h2 class=\"wp-block-heading\">Droit applicable et juridiction<\/h2>\n\n<p>Le pr\u00e9sent avis juridique est r\u00e9gi par la loi espagnole.<\/p>\n\n<p>Pour la r\u00e9solution de tout conflit ou litige pouvant r\u00e9sulter de l'acc\u00e8s ou de l'utilisation du site web, les parties s'en remettent aux cours et tribunaux comp\u00e9tents conform\u00e9ment \u00e0 la r\u00e9glementation applicable.<\/p>\n\n<h2 class=\"wp-block-heading\">Date de la derni\u00e8re mise \u00e0 jour<\/h2>\n\n<p>Le pr\u00e9sent avis juridique a \u00e9t\u00e9 mis \u00e0 jour pour la derni\u00e8re fois \u00e0 cette date : <strong>24\/11\/2025<\/strong>.<\/p>\n\n<p>\u00a0<\/p>\n\t\t\t\t\t\t\t\t<\/div>\n\t\t\t\t\t<\/div>\n\t\t\t\t<\/div>\n\t\t\t\t<\/div>","protected":false},"excerpt":{"rendered":"<p>Aviso legal Titular del sitio web El presente sitio web, accesible en la URLhttps:\/\/taxivalenciaaeropuerto.com (en adelante, el \u201csitio web\u201d), es titularidad de: (en adelante, el \u201ctitular\u201d). Objeto El sitio web tiene por objeto ofrecer informaci\u00f3n sobre servicios de taxi en Valencia, as\u00ed como permitir la solicitud y gesti\u00f3n de reservas de transporte, especialmente hacia y [&hellip;]<\/p>\n","protected":false},"author":1,"featured_media":0,"parent":0,"menu_order":0,"comment_status":"closed","ping_status":"closed","template":"","meta":{"inline_featured_image":false,"footnotes":""},"class_list":["post-956","page","type-page","status-publish","hentry"],"_links":{"self":[{"href":"https:\/\/taxivalenciaaeropuerto.com\/fr\/wp-json\/wp\/v2\/pages\/956","targetHints":{"allow":["GET"]}}],"collection":[{"href":"https:\/\/taxivalenciaaeropuerto.com\/fr\/wp-json\/wp\/v2\/pages"}],"about":[{"href":"https:\/\/taxivalenciaaeropuerto.com\/fr\/wp-json\/wp\/v2\/types\/page"}],"author":[{"embeddable":true,"href":"https:\/\/taxivalenciaaeropuerto.com\/fr\/wp-json\/wp\/v2\/users\/1"}],"replies":[{"embeddable":true,"href":"https:\/\/taxivalenciaaeropuerto.com\/fr\/wp-json\/wp\/v2\/comments?post=956"}],"version-history":[{"count":5,"href":"https:\/\/taxivalenciaaeropuerto.com\/fr\/wp-json\/wp\/v2\/pages\/956\/revisions"}],"predecessor-version":[{"id":1073,"href":"https:\/\/taxivalenciaaeropuerto.com\/fr\/wp-json\/wp\/v2\/pages\/956\/revisions\/1073"}],"wp:attachment":[{"href":"https:\/\/taxivalenciaaeropuerto.com\/fr\/wp-json\/wp\/v2\/media?parent=956"}],"curies":[{"name":"wp","href":"https:\/\/api.w.org\/{rel}","templated":true}]}}