{"id":959,"date":"2025-11-24T11:14:26","date_gmt":"2025-11-24T11:14:26","guid":{"rendered":"https:\/\/taxivalenciaaeropuerto.com\/?page_id=959"},"modified":"2025-11-24T11:14:50","modified_gmt":"2025-11-24T11:14:50","slug":"politique-en-matiere-de-cookies","status":"publish","type":"page","link":"https:\/\/taxivalenciaaeropuerto.com\/fr\/politique-en-matiere-de-cookies\/","title":{"rendered":"Politique en mati\u00e8re de cookies"},"content":{"rendered":"<h1 class=\"wp-block-heading\">Politique en mati\u00e8re de cookies<\/h1>\n\n\n\n<h2 class=\"wp-block-heading\">1) Qu'est-ce qu'un cookie ?<\/h2>\n\n\n\n<p>Les cookies sont des fichiers qui sont t\u00e9l\u00e9charg\u00e9s sur votre appareil (ordinateur, smartphone, tablette, etc.) lorsque vous acc\u00e9dez \u00e0 certains sites internet. Ils permettent de stocker et de r\u00e9cup\u00e9rer des informations sur vos habitudes de navigation, votre appareil ou vos pr\u00e9f\u00e9rences.<br>Leur objectif peut \u00eatre tr\u00e8s vari\u00e9 : faciliter la navigation, m\u00e9moriser les param\u00e8tres, analyser le trafic sur le site web ou afficher des publicit\u00e9s personnalis\u00e9es.<\/p>\n\n\n\n<h2 class=\"wp-block-heading\">2. quels sont les types de cookies utilis\u00e9s par ce site web ?<\/h2>\n\n\n\n<p>Le site web <strong><a href=\"https:\/\/taxivalenciaaeropuerto.com\/fr\/\">https:\/\/taxivalenciaaeropuerto.com<\/a><\/strong> utilise des cookies propres et de tiers. Les types de cookies qui peuvent \u00eatre install\u00e9s pendant la navigation sont d\u00e9taill\u00e9s ci-dessous :<\/p>\n\n\n\n<h3 class=\"wp-block-heading\">a) En fonction de l'entit\u00e9 qui les g\u00e8re<\/h3>\n\n\n\n<ul class=\"wp-block-list\">\n<li><strong>Ses propres biscuits<\/strong>envoy\u00e9 et g\u00e9r\u00e9 par le propri\u00e9taire du site.<\/li>\n\n\n\n<li><strong>Cookies de tiers<\/strong>envoy\u00e9s \u00e0 l'ordinateur de l'utilisateur par un tiers (par exemple Google).<\/li>\n<\/ul>\n\n\n\n<h3 class=\"wp-block-heading\">b) En fonction de leur objectif<\/h3>\n\n\n\n<ul class=\"wp-block-list\">\n<li><strong>Cookies techniques<\/strong>les cookies : ils permettent la navigation et l'utilisation correcte du site (gestion du trafic, contr\u00f4le de la s\u00e9curit\u00e9, identification de la session, etc.) Ils sont essentiels au fonctionnement du site et ne n\u00e9cessitent pas de consentement.<\/li>\n\n\n\n<li><strong>Cookies de personnalisation<\/strong>: vous permettent de m\u00e9moriser des param\u00e8tres tels que la langue ou la r\u00e9gion de l'utilisateur.<\/li>\n\n\n\n<li><strong>Cookies analytiques<\/strong>Ces cookies sont utilis\u00e9s pour mesurer l'activit\u00e9 du site web, \u00e9tablir des statistiques, analyser le comportement des utilisateurs et am\u00e9liorer l'exp\u00e9rience de navigation.\n<ul class=\"wp-block-list\">\n<li>Exemple : Google Analytics.<\/li>\n<\/ul>\n<\/li>\n\n\n\n<li><strong>Cookies publicitaires et de marketing<\/strong>Ils vous permettent de g\u00e9rer l'espace publicitaire et d'afficher des publicit\u00e9s en rapport avec vos centres d'int\u00e9r\u00eat.<\/li>\n<\/ul>\n\n\n\n<h3 class=\"wp-block-heading\">c) En fonction de la dur\u00e9e de leur activit\u00e9<\/h3>\n\n\n\n<ul class=\"wp-block-list\">\n<li><strong>Cookies de session<\/strong>sont supprim\u00e9es \u00e0 la fermeture du navigateur.<\/li>\n\n\n\n<li><strong>Cookies persistants<\/strong>rester dans l'appareil pendant un certain temps.<\/li>\n<\/ul>\n\n\n\n<h2 class=\"wp-block-heading\">3. Cookies utilis\u00e9s sur ce site<\/h2>\n\n\n\n<p>Les cookies suivants peuvent \u00eatre utilis\u00e9s sur ce site web (la liste peut varier en fonction des outils actifs) :<\/p>\n\n\n\n<h3 class=\"wp-block-heading\">Cookies techniques (propres)<\/h3>\n\n\n\n<ul class=\"wp-block-list\">\n<li>Objectif : permettre le fonctionnement de base du site web.<\/li>\n\n\n\n<li>Dur\u00e9e : session.<\/li>\n\n\n\n<li>Indispensable pour surfer sur le web.<\/li>\n<\/ul>\n\n\n\n<h3 class=\"wp-block-heading\">Cookies analytiques (Google Analytics)<\/h3>\n\n\n\n<ul class=\"wp-block-list\">\n<li><strong>Fournisseur<\/strong>: Google LLC.<\/li>\n\n\n\n<li>Objectif : analyse statistique de la navigation de l'utilisateur sur le site web.<\/li>\n\n\n\n<li>Informations collect\u00e9es : pages visit\u00e9es, temps pass\u00e9, type d'appareil, localisation approximative, etc.<\/li>\n\n\n\n<li>Dur\u00e9e : variable (entre 1 jour et 2 ans).<\/li>\n\n\n\n<li>Plus d'informations : <a>https:\/\/policies.google.com\/technologies\/cookies<\/a><\/li>\n<\/ul>\n\n\n\n<h3 class=\"wp-block-heading\">Cookies de tiers (Google, reCAPTCHA, Maps, etc.)<\/h3>\n\n\n\n<ul class=\"wp-block-list\">\n<li>Ils peuvent \u00eatre install\u00e9s sur des pages de formulaire ou des cartes int\u00e9gr\u00e9es.<\/li>\n\n\n\n<li>Objectif : s\u00e9curit\u00e9 contre le spam, affichage des services Google ou am\u00e9lioration de l'exp\u00e9rience utilisateur.<\/li>\n<\/ul>\n\n\n\n<p><strong>Remarque :<\/strong> Ce site web n'installe pas de cookies non essentiels sans votre consentement pr\u00e9alable.<\/p>\n\n\n\n<h2 class=\"wp-block-heading\">4. Consentement \u00e0 l'utilisation de cookies<\/h2>\n\n\n\n<p>Lorsque vous acc\u00e9dez au site web pour la premi\u00e8re fois, un avis ou une banni\u00e8re appara\u00eet \u00e0 l'endroit o\u00f9 vous pouvez le faire :<\/p>\n\n\n\n<ul class=\"wp-block-list\">\n<li><strong>accepter tous les cookies<\/strong>,<\/li>\n\n\n\n<li><strong>rejeter tous les<\/strong>,<\/li>\n\n\n\n<li>o <strong>configurer vos pr\u00e9f\u00e9rences<\/strong> en d\u00e9tail.<\/li>\n<\/ul>\n\n\n\n<p>Tant que vous n'aurez pas choisi une option, le site web ne mettra pas en place de cookies non essentiels.<\/p>\n\n\n\n<p>Vous pouvez modifier votre consentement \u00e0 tout moment en cliquant sur le lien \u201cParam\u00e8tres des cookies\u201d dans le pied de page.<\/p>\n\n\n\n<h2 class=\"wp-block-heading\">5. comment d\u00e9sactiver les cookies ?<\/h2>\n\n\n\n<p>Vous pouvez autoriser, bloquer ou supprimer les cookies install\u00e9s sur votre appareil par le biais des param\u00e8tres de votre navigateur. Chaque navigateur propose ses propres instructions :<\/p>\n\n\n\n<ul class=\"wp-block-list\">\n<li><strong>Google Chrome<\/strong>: Param\u00e8tres \u2192 Confidentialit\u00e9 et s\u00e9curit\u00e9 \u2192 Cookies<\/li>\n\n\n\n<li><strong>Mozilla Firefox<\/strong>Options \u2192 Confidentialit\u00e9 et s\u00e9curit\u00e9 \u2192 Cookies et donn\u00e9es du site<\/li>\n\n\n\n<li><strong>Safari (iOS \/ Mac)<\/strong>: Pr\u00e9f\u00e9rences \u2192 Vie priv\u00e9e \u2192 Gestion des cookies<\/li>\n\n\n\n<li><strong>Microsoft Edge<\/strong>: Param\u00e8tres \u2192 Cookies et autorisations d'acc\u00e8s au site<\/li>\n<\/ul>\n\n\n\n<p>Veuillez noter que la d\u00e9sactivation des cookies techniques ou fonctionnels peut affecter la bonne utilisation du site web.<\/p>\n\n\n\n<h2 class=\"wp-block-heading\">6. Transferts internationaux de donn\u00e9es<\/h2>\n\n\n\n<p>Les cookies de tiers (tels que Google Analytics) peuvent impliquer des transferts internationaux de donn\u00e9es en dehors de l'Espace \u00e9conomique europ\u00e9en.<br>Ces fournisseurs sont soumis aux garanties appropri\u00e9es \u00e9tablies par la r\u00e9glementation europ\u00e9enne.<\/p>\n\n\n\n<p>Vous pouvez consulter leurs politiques en cliquant sur les liens suivants :<\/p>\n\n\n\n<ul class=\"wp-block-list\">\n<li>Google : <a href=\"https:\/\/policies.google.com\/privacy\" rel=\"nofollow noopener\" target=\"_blank\">https:\/\/policies.google.com\/privacy<\/a><\/li>\n<\/ul>\n\n\n\n<h2 class=\"wp-block-heading\">7. Mise \u00e0 jour de la politique en mati\u00e8re de cookies<\/h2>\n\n\n\n<p>Cette politique peut \u00eatre mise \u00e0 jour pour s'adapter \u00e0 des changements juridiques ou techniques ou \u00e0 des changements dans les services du propri\u00e9taire.<br>Nous vous recommandons de consulter r\u00e9guli\u00e8rement cette page.<\/p>\n\n\n\n<h2 class=\"wp-block-heading\">8. Coordonn\u00e9es de la personne responsable<\/h2>\n\n\n\n<p>Le responsable du traitement des donn\u00e9es est :<br><strong>Isaac Bellido Le\u00f3n<\/strong><br>ID : 22570399Q<br>Adresse : calle La Dansa, 2 6-9, 46220, Picassent, Valencia<br>Courrier : <strong><a>info@taxivalenciaaeropuerto.com<\/a><\/strong><\/p>\n\n\n\n<h2 class=\"wp-block-heading\">Date de mise \u00e0 jour<\/h2>\n\n\n\n<p><strong>24\/11\/2025<\/strong><\/p>","protected":false},"excerpt":{"rendered":"<p>Pol\u00edtica de cookies 1. \u00bfQu\u00e9 son las cookies? Las cookies son archivos que se descargan en tu dispositivo (ordenador, smartphone, tablet, etc.) cuando accedes a determinadas p\u00e1ginas web. Permiten almacenar y recuperar informaci\u00f3n sobre tus h\u00e1bitos de navegaci\u00f3n, tu dispositivo o tus preferencias.Su finalidad puede ser muy diversa: facilitar la navegaci\u00f3n, recordar configuraciones, analizar el [&hellip;]<\/p>\n","protected":false},"author":1,"featured_media":0,"parent":0,"menu_order":0,"comment_status":"closed","ping_status":"closed","template":"","meta":{"inline_featured_image":false,"footnotes":""},"class_list":["post-959","page","type-page","status-publish","hentry"],"_links":{"self":[{"href":"https:\/\/taxivalenciaaeropuerto.com\/fr\/wp-json\/wp\/v2\/pages\/959","targetHints":{"allow":["GET"]}}],"collection":[{"href":"https:\/\/taxivalenciaaeropuerto.com\/fr\/wp-json\/wp\/v2\/pages"}],"about":[{"href":"https:\/\/taxivalenciaaeropuerto.com\/fr\/wp-json\/wp\/v2\/types\/page"}],"author":[{"embeddable":true,"href":"https:\/\/taxivalenciaaeropuerto.com\/fr\/wp-json\/wp\/v2\/users\/1"}],"replies":[{"embeddable":true,"href":"https:\/\/taxivalenciaaeropuerto.com\/fr\/wp-json\/wp\/v2\/comments?post=959"}],"version-history":[{"count":2,"href":"https:\/\/taxivalenciaaeropuerto.com\/fr\/wp-json\/wp\/v2\/pages\/959\/revisions"}],"predecessor-version":[{"id":961,"href":"https:\/\/taxivalenciaaeropuerto.com\/fr\/wp-json\/wp\/v2\/pages\/959\/revisions\/961"}],"wp:attachment":[{"href":"https:\/\/taxivalenciaaeropuerto.com\/fr\/wp-json\/wp\/v2\/media?parent=959"}],"curies":[{"name":"wp","href":"https:\/\/api.w.org\/{rel}","templated":true}]}}