{"id":962,"date":"2025-11-24T11:32:46","date_gmt":"2025-11-24T11:32:46","guid":{"rendered":"https:\/\/taxivalenciaaeropuerto.com\/?page_id=962"},"modified":"2025-11-24T11:32:48","modified_gmt":"2025-11-24T11:32:48","slug":"politique-de-confidentialite-2","status":"publish","type":"page","link":"https:\/\/taxivalenciaaeropuerto.com\/fr\/politique-de-confidentialite-2\/","title":{"rendered":"Politique de confidentialit\u00e9"},"content":{"rendered":"<h1 class=\"wp-block-heading\">Politique de confidentialit\u00e9<\/h1>\n\n\n\n<p>La pr\u00e9sente politique de confidentialit\u00e9 explique comment les donn\u00e9es \u00e0 caract\u00e8re personnel sont collect\u00e9es et trait\u00e9es par le biais du site web. <strong><a href=\"https:\/\/taxivalenciaaeropuerto.com\/fr\/\">https:\/\/taxivalenciaaeropuerto.com<\/a><\/strong>. Nous vous recommandons de le lire attentivement avant de fournir des informations personnelles.<\/p>\n\n\n\n<h2 class=\"wp-block-heading\">1. le responsable du traitement des donn\u00e9es<\/h2>\n\n\n\n<p><strong>Isaac Bellido Le\u00f3n<\/strong><br>ID : 22570399Q<br>Adresse : calle La Dansa, 2 6-9, 46220, Picassent, Valencia<br>E-mail : <strong><a>info@taxivalenciaaeropuerto.com<\/a><\/strong><\/p>\n\n\n\n<p>Ci-apr\u00e8s d\u00e9nomm\u00e9e \u201cpartie responsable\u201d.<\/p>\n\n\n\n<h2 class=\"wp-block-heading\">2. Donn\u00e9es collect\u00e9es et finalit\u00e9 du traitement<\/h2>\n\n\n\n<p>Le site web recueille diff\u00e9rents types d'informations personnelles aux fins suivantes :<\/p>\n\n\n\n<h3 class=\"wp-block-heading\">a) Formulaire de contact ou de r\u00e9servation<\/h3>\n\n\n\n<ul class=\"wp-block-list\">\n<li>Donn\u00e9es demand\u00e9es : nom complet, t\u00e9l\u00e9phone, courriel, date et heure du service, point d'origine et de destination, nombre de passagers, bagages ou autres donn\u00e9es fournies volontairement.<\/li>\n\n\n\n<li>Objectif : g\u00e9rer les demandes de r\u00e9servation, les requ\u00eates, les budgets et les communications li\u00e9es au service contract\u00e9.<\/li>\n\n\n\n<li>Base juridique : consentement de l'utilisateur et, en cas de contrat de service, ex\u00e9cution d'un contrat.<\/li>\n<\/ul>\n\n\n\n<h3 class=\"wp-block-heading\">(b) Communications par courrier \u00e9lectronique<\/h3>\n\n\n\n<ul class=\"wp-block-list\">\n<li>Donn\u00e9es : adresse \u00e9lectronique, contenu du message et donn\u00e9es que l'utilisateur inclut volontairement.<\/li>\n\n\n\n<li>Objectif : r\u00e9pondre aux demandes d'information ou g\u00e9rer la relation professionnelle.<\/li>\n\n\n\n<li>Base juridique : ex\u00e9cution d'une relation pr\u00e9contractuelle ou contractuelle, ou consentement de l'utilisateur.<\/li>\n<\/ul>\n\n\n\n<h3 class=\"wp-block-heading\">c) Donn\u00e9es de navigation (cookies)<\/h3>\n\n\n\n<ul class=\"wp-block-list\">\n<li>Elles sont collect\u00e9es par le biais de cookies propres et de tiers.<\/li>\n\n\n\n<li>Objectif : am\u00e9liorer l'exp\u00e9rience de l'utilisateur, analyser le trafic et assurer le fonctionnement technique du site.<\/li>\n\n\n\n<li>Base juridique : consentement (\u00e0 l'exception des cookies techniques, qui ne n\u00e9cessitent pas de consentement).<br>Vous trouverez plus d'informations dans la rubrique <strong>Politique en mati\u00e8re de cookies<\/strong>.<\/li>\n<\/ul>\n\n\n\n<h3 class=\"wp-block-heading\">(d) Donn\u00e9es n\u00e9cessaires \u00e0 la fourniture du service<\/h3>\n\n\n\n<p>En cas de confirmation de la r\u00e9servation, des donn\u00e9es suppl\u00e9mentaires n\u00e9cessaires \u00e0 la bonne ex\u00e9cution du service (telles que les horaires, les vols, les adresses exactes et les informations relatives au transfert) peuvent \u00eatre collect\u00e9es.<\/p>\n\n\n\n<ul class=\"wp-block-list\">\n<li>Base juridique : ex\u00e9cution du contrat de transport.<\/li>\n<\/ul>\n\n\n\n<h2 class=\"wp-block-heading\">3. Conservation des donn\u00e9es<\/h2>\n\n\n\n<p>Les donn\u00e9es seront conserv\u00e9es pendant les p\u00e9riodes suivantes :<\/p>\n\n\n\n<ul class=\"wp-block-list\">\n<li><strong>Consultations ou formulaires non associ\u00e9s \u00e0 un contrat<\/strong>jusqu'\u00e0 12 mois.<\/li>\n\n\n\n<li><strong>R\u00e9servations ou prestations de services<\/strong>aussi longtemps que n\u00e9cessaire pour se conformer aux obligations l\u00e9gales (fiscales et comptables), en g\u00e9n\u00e9ral <strong>5 ans<\/strong>.<\/li>\n\n\n\n<li><strong>Donn\u00e9es relatives aux cookies<\/strong>comme indiqu\u00e9 dans la politique concern\u00e9e.<\/li>\n\n\n\n<li><strong>Communications commerciales<\/strong> (si l'utilisateur les accepte) : jusqu'\u00e0 ce que l'utilisateur demande \u00e0 se d\u00e9sinscrire.<\/li>\n<\/ul>\n\n\n\n<h2 class=\"wp-block-heading\">4. Destinataires des donn\u00e9es<\/h2>\n\n\n\n<p>Vos donn\u00e9es personnelles ne seront pas transmises \u00e0 des tiers, sauf dans ces cas :<\/p>\n\n\n\n<ol class=\"wp-block-list\">\n<li><strong>Obligation l\u00e9gale<\/strong> (par exemple, les administrations publiques telles que les autorit\u00e9s fiscales).<\/li>\n\n\n\n<li><strong>Fournisseurs de services<\/strong> n\u00e9cessaires au fonctionnement du site web ou \u00e0 la gestion des r\u00e9servations, telles que :\n<ul class=\"wp-block-list\">\n<li>les services d'h\u00e9bergement,<\/li>\n\n\n\n<li>les syst\u00e8mes d'analyse du web,<\/li>\n\n\n\n<li>les applications de courrier \u00e9lectronique,<\/li>\n\n\n\n<li>les fournisseurs de technologie.<\/li>\n<\/ul>\n<\/li>\n<\/ol>\n\n\n\n<p>Ces tiers agissent en tant que <strong>les responsables du traitement des donn\u00e9es<\/strong>, avec des contrats qui garantissent la s\u00e9curit\u00e9 des informations conform\u00e9ment au GDPR.<\/p>\n\n\n\n<p>Les donn\u00e9es ne sont pas vendues, lou\u00e9es ou transf\u00e9r\u00e9es \u00e0 des fins commerciales.<\/p>\n\n\n\n<h2 class=\"wp-block-heading\">5. Transferts internationaux de donn\u00e9es<\/h2>\n\n\n\n<p>Les outils tiers utilis\u00e9s par le site web (par exemple Google Analytics, Google reCAPTCHA ou les services d'h\u00e9bergement situ\u00e9s en dehors de l'UE) peuvent transf\u00e9rer des donn\u00e9es au niveau international.<\/p>\n\n\n\n<p>Dans ces cas, elle est garantie :<\/p>\n\n\n\n<ul class=\"wp-block-list\">\n<li>des clauses contractuelles types approuv\u00e9es par la Commission europ\u00e9enne,<\/li>\n\n\n\n<li>ou des m\u00e9canismes de protection ad\u00e9quats d\u00e9finis dans le GDPR.<\/li>\n<\/ul>\n\n\n\n<p>Vous pouvez consulter les r\u00e8gles de confidentialit\u00e9 de Google ici : <a href=\"https:\/\/policies.google.com\/privacy\" rel=\"nofollow noopener\" target=\"_blank\">https:\/\/policies.google.com\/privacy<\/a><\/p>\n\n\n\n<h2 class=\"wp-block-heading\">6. Droits de l'utilisateur<\/h2>\n\n\n\n<p>En tant qu'utilisateur, vous avez le droit de :<\/p>\n\n\n\n<h3 class=\"wp-block-heading\">\u2714 Droit d'acc\u00e8s<\/h3>\n\n\n\n<p>Conna\u00eetre les donn\u00e9es personnelles que nous traitons.<\/p>\n\n\n\n<h3 class=\"wp-block-heading\">\u2714 Droit de rectification<\/h3>\n\n\n\n<p>Modifier les donn\u00e9es incorrectes ou incompl\u00e8tes.<\/p>\n\n\n\n<h3 class=\"wp-block-heading\">\u2714 Droit \u00e0 l'effacement (droit \u00e0 l'oubli)<\/h3>\n\n\n\n<p>Demander la suppression de vos donn\u00e9es lorsqu'elles ne sont plus n\u00e9cessaires.<\/p>\n\n\n\n<h3 class=\"wp-block-heading\">\u2714 Droit d'opposition<\/h3>\n\n\n\n<p>s'opposer au traitement de vos donn\u00e9es dans certaines circonstances.<\/p>\n\n\n\n<h3 class=\"wp-block-heading\">\u2714 Le droit \u00e0 la limitation du traitement<\/h3>\n\n\n\n<p>Demander que vos donn\u00e9es ne soient pas utilis\u00e9es au-del\u00e0 de leur dur\u00e9e de conservation.<\/p>\n\n\n\n<h3 class=\"wp-block-heading\">\u2714 Droit \u00e0 la portabilit\u00e9<\/h3>\n\n\n\n<p>Recevoir vos donn\u00e9es dans un format structur\u00e9 et les transmettre \u00e0 un autre responsable du traitement.<\/p>\n\n\n\n<h3 class=\"wp-block-heading\">\u2714 Droit de retirer son consentement<\/h3>\n\n\n\n<p>Pour les traitements fond\u00e9s sur votre consentement, vous pouvez le retirer \u00e0 tout moment.<\/p>\n\n\n\n<p>Pour exercer l'un de ces droits, vous pouvez envoyer une demande accompagn\u00e9e d'une preuve d'identit\u00e9 \u00e0 l'adresse suivante<\/p>\n\n\n\n<p>\u2709 <strong><a>info@taxivalenciaaeropuerto.com<\/a><\/strong><br>ou par courrier \u00e0 l'adresse indiqu\u00e9e au paragraphe 1.<\/p>\n\n\n\n<p>Si vous estimez que vos droits n'ont pas \u00e9t\u00e9 correctement pris en compte, vous pouvez d\u00e9poser une plainte aupr\u00e8s de l'autorit\u00e9 de contr\u00f4le espagnole :<\/p>\n\n\n\n<p><strong>Agence espagnole de protection des donn\u00e9es (AEPD)<\/strong><br><a>www.aepd.es<\/a><\/p>\n\n\n\n<h2 class=\"wp-block-heading\">7. S\u00e9curit\u00e9 des donn\u00e9es<\/h2>\n\n\n\n<p>Le responsable du traitement met en \u0153uvre des mesures techniques et organisationnelles appropri\u00e9es pour prot\u00e9ger vos donn\u00e9es contre l'acc\u00e8s non autoris\u00e9, la perte, la destruction ou la divulgation.<\/p>\n\n\n\n<p>Il s'agit notamment de<\/p>\n\n\n\n<ul class=\"wp-block-list\">\n<li>Cryptage SSL sur l'ensemble du site web,<\/li>\n\n\n\n<li>des mots de passe s\u00fbrs,<\/li>\n\n\n\n<li>des syst\u00e8mes mis \u00e0 jour et prot\u00e9g\u00e9s,<\/li>\n\n\n\n<li>les politiques internes d'acc\u00e8s restreint.<\/li>\n<\/ul>\n\n\n\n<p>N\u00e9anmoins, aucun syst\u00e8me n'est totalement s\u00fbr et la s\u00e9curit\u00e9 absolue de l'internet ne peut \u00eatre garantie.<\/p>\n\n\n\n<h2 class=\"wp-block-heading\">8. Exactitude des donn\u00e9es<\/h2>\n\n\n\n<p>L'utilisateur garantit que les donn\u00e9es fournies sont vraies, exactes et compl\u00e8tes. Il s'engage \u00e0 les tenir \u00e0 jour et \u00e0 communiquer tout changement.<\/p>\n\n\n\n<p>L'utilisateur est responsable de tout dommage pouvant r\u00e9sulter d'informations fausses ou incorrectes.<\/p>\n\n\n\n<h2 class=\"wp-block-heading\">9. Communications commerciales<\/h2>\n\n\n\n<p>Le responsable du traitement n'enverra pas de communications commerciales sans le consentement pr\u00e9alable de l'utilisateur, sauf dans les cas o\u00f9 une relation contractuelle pr\u00e9alable le permet (services similaires).<\/p>\n\n\n\n<p>Vous pouvez vous d\u00e9sinscrire \u00e0 tout moment par courrier \u00e9lectronique :<\/p>\n\n\n\n<p>\u2709 <strong><a>info@taxivalenciaaeropuerto.com<\/a><\/strong><\/p>\n\n\n\n<h2 class=\"wp-block-heading\">10. Liens avec des tiers<\/h2>\n\n\n\n<p>Le site web peut contenir des liens vers des sites web externes. La partie responsable n'est pas responsable des pratiques de ces sites en mati\u00e8re de protection de la vie priv\u00e9e. Il vous est conseill\u00e9 de consulter leurs politiques de confidentialit\u00e9.<\/p>\n\n\n\n<h2 class=\"wp-block-heading\">11. Modifications de la pr\u00e9sente politique<\/h2>\n\n\n\n<p>Le responsable peut mettre \u00e0 jour la pr\u00e9sente politique de confidentialit\u00e9 pour l'adapter aux modifications de la l\u00e9gislation ou aux nouvelles fonctionnalit\u00e9s du site web.<br>La version actuelle sera toujours celle publi\u00e9e sur cette page.<\/p>\n\n\n\n<h2 class=\"wp-block-heading\">Date de la derni\u00e8re mise \u00e0 jour<\/h2>\n\n\n\n<p><strong>24\/11\/2025<\/strong><\/p>","protected":false},"excerpt":{"rendered":"<p>Pol\u00edtica de privacidad En esta Pol\u00edtica de Privacidad se explica c\u00f3mo se recopilan y tratan los datos personales a trav\u00e9s de la web https:\/\/taxivalenciaaeropuerto.com. Te recomendamos leerla atentamente antes de facilitar cualquier dato personal. 1. Responsable del tratamiento Isaac Bellido Le\u00f3nDNI: 22570399QDomicilio: calle La Dansa, 2 6-9, 46220, Picassent, ValenciaCorreo electr\u00f3nico: info@taxivalenciaaeropuerto.com En adelante, el [&hellip;]<\/p>\n","protected":false},"author":1,"featured_media":0,"parent":0,"menu_order":0,"comment_status":"closed","ping_status":"closed","template":"","meta":{"inline_featured_image":false,"footnotes":""},"class_list":["post-962","page","type-page","status-publish","hentry"],"_links":{"self":[{"href":"https:\/\/taxivalenciaaeropuerto.com\/fr\/wp-json\/wp\/v2\/pages\/962","targetHints":{"allow":["GET"]}}],"collection":[{"href":"https:\/\/taxivalenciaaeropuerto.com\/fr\/wp-json\/wp\/v2\/pages"}],"about":[{"href":"https:\/\/taxivalenciaaeropuerto.com\/fr\/wp-json\/wp\/v2\/types\/page"}],"author":[{"embeddable":true,"href":"https:\/\/taxivalenciaaeropuerto.com\/fr\/wp-json\/wp\/v2\/users\/1"}],"replies":[{"embeddable":true,"href":"https:\/\/taxivalenciaaeropuerto.com\/fr\/wp-json\/wp\/v2\/comments?post=962"}],"version-history":[{"count":1,"href":"https:\/\/taxivalenciaaeropuerto.com\/fr\/wp-json\/wp\/v2\/pages\/962\/revisions"}],"predecessor-version":[{"id":963,"href":"https:\/\/taxivalenciaaeropuerto.com\/fr\/wp-json\/wp\/v2\/pages\/962\/revisions\/963"}],"wp:attachment":[{"href":"https:\/\/taxivalenciaaeropuerto.com\/fr\/wp-json\/wp\/v2\/media?parent=962"}],"curies":[{"name":"wp","href":"https:\/\/api.w.org\/{rel}","templated":true}]}}