{"id":740,"date":"2025-09-26T00:36:59","date_gmt":"2025-09-26T00:36:59","guid":{"rendered":"https:\/\/taxivalenciaaeropuerto.com\/?page_id=740"},"modified":"2025-09-29T13:20:59","modified_gmt":"2025-09-29T13:20:59","slug":"dichiarazione-di-accessibilita","status":"publish","type":"page","link":"https:\/\/taxivalenciaaeropuerto.com\/it\/dichiarazione-di-accessibilita\/","title":{"rendered":"Dichiarazione di accessibilit\u00e0"},"content":{"rendered":"<div data-elementor-type=\"wp-page\" data-elementor-id=\"740\" class=\"elementor elementor-740\" data-elementor-post-type=\"page\">\n\t\t\t\t<div class=\"elementor-element elementor-element-a1fae77 taxi-pattern-container e-flex e-con-boxed e-con e-parent\" data-id=\"a1fae77\" data-element_type=\"container\" data-settings=\"{&quot;jet_parallax_layout_list&quot;:[]}\">\n\t\t\t\t\t<div class=\"e-con-inner\">\n\t\t\t\t<div class=\"elementor-element elementor-element-7de7bff elementor-widget__width-inherit elementor-widget elementor-widget-heading\" data-id=\"7de7bff\" data-element_type=\"widget\" data-widget_type=\"heading.default\">\n\t\t\t\t\t<h1 class=\"elementor-heading-title elementor-size-default\">Dichiarazione di accessibilit\u00e0<\/h1>\t\t\t\t<\/div>\n\t\t\t\t<div class=\"elementor-element elementor-element-fff537c elementor-widget-divider--view-line elementor-widget elementor-widget-divider\" data-id=\"fff537c\" data-element_type=\"widget\" data-widget_type=\"divider.default\">\n\t\t\t\t\t\t\t<div class=\"elementor-divider\">\n\t\t\t<span class=\"elementor-divider-separator\">\n\t\t\t\t\t\t<\/span>\n\t\t<\/div>\n\t\t\t\t\t\t<\/div>\n\t\t\t\t<div class=\"elementor-element elementor-element-0dbc85d elementor-widget elementor-widget-text-editor\" data-id=\"0dbc85d\" data-element_type=\"widget\" data-widget_type=\"text-editor.default\">\n\t\t\t\t\t\t\t\t\t<section>\n    <p>Taxi Valencia Airport si impegna a rendere il proprio sito web accessibile a tutti gli utenti, indipendentemente dalle loro abilit\u00e0 o disabilit\u00e0. Abbiamo implementato misure di accessibilit\u00e0 per garantire che il nostro sito web sia conforme agli standard di accessibilit\u00e0 del web stabiliti dal <abbr title=\"Linee guida per l&#039;accessibilit\u00e0 dei contenuti web\">WCAG<\/abbr> 2.0 Livello AA. Lavoriamo continuamente per migliorare l'accessibilit\u00e0 del nostro sito web e vi invitiamo a contattarci se avete commenti o suggerimenti su come migliorare l'accessibilit\u00e0 del nostro sito web.<\/p>\n  <\/section>\n\n  <section>\n    <h2>Quadro giuridico<\/h2>\n    <p>Taxi Valencia Airport si impegna a rendere accessibili i propri siti web, in conformit\u00e0 con il Real Decreto 1112\/2018, del 7 settembre, sull'accessibilit\u00e0 dei siti web del settore pubblico e delle applicazioni per dispositivi mobili, che recepisce nel diritto spagnolo la direttiva (<abbr title=\"Unione Europea\">UE<\/abbr>) 2016\/2102 del Parlamento europeo e del Consiglio.<\/p>\n    \n    <p>Questa dichiarazione di accessibilit\u00e0 si applica al portale istituzionale <strong>taxivalenciaaeropuerto.com<\/strong>.<\/p>\n  <\/section>\n\n  <section>\n    <h2>Stato di conformit\u00e0<\/h2>\n    <p>Questo sito web \u00e8 <strong>parzialmente conforme<\/strong> con il <abbr title=\"Decreto Reale\">RD<\/abbr> 1112\/2018 a causa delle eccezioni e delle non conformit\u00e0 dei seguenti aspetti.<\/p>\n  <\/section>\n\n  <section>\n    <h2>Contenuto non accessibile<\/h2>\n    <p>Il contenuto sottostante non \u00e8 accessibile per i seguenti motivi:<\/p>\n    \n    <h3>Non conformit\u00e0 con il PSR 1112\/2018<\/h3>\n    <ul>\n      <li>A causa dell'automazione di alcune pubblicazioni, potrebbero esserci pagine con tag di nidificazione errati. <abbr title=\"Linguaggio di marcatura ipertestuale\">HTML<\/abbr>.<\/li>\n      <li>In alcune pagine web possono essere presenti errori di editing.<\/li>\n    <\/ul>\n    \n    <h3>Onere sproporzionato<\/h3>\n    <p>Non applicabile.<\/p>\n  <\/section>\n\n  <section>\n    <h2>Preparazione della presente Dichiarazione di accessibilit\u00e0<\/h2>\n    <p>La presente dichiarazione \u00e8 stata redatta in data <time datetime=\"2023-01-18\">18 gennaio 2023<\/time> e si basa sui rapporti sull'accessibilit\u00e0 del Web dell'Osservatorio sull'accessibilit\u00e0.<\/p>\n    \n    <p>La data dell'ultima revisione \u00e8 stata <time datetime=\"2023-09-23\">23 settembre 2023<\/time>.<\/p>\n  <\/section>\n\n  <section>\n    <h2>Osservazioni e contatti<\/h2>\n    <p>\u00c8 possibile effettuare comunicazioni sui requisiti di accessibilit\u00e0 (art. 10.2 del RD 1112\/2018) come:<\/p>\n    \n    <ul>\n      <li>Segnalare qualsiasi possibile non conformit\u00e0 da parte di questo sito web<\/li>\n      <li>Trasmettere altre difficolt\u00e0 di accesso ai contenuti<\/li>\n      <li>Porre qualsiasi altra domanda o suggerimento per migliorare l'accessibilit\u00e0 del sito web.<\/li>\n    <\/ul>\n    \n    <p>Tramite il modulo di contatto su questo sito web.<\/p>\n  <\/section>\n\n  <section>\n    <h2>Procedura di attuazione<\/h2>\n    <p>Verr\u00e0 messa in atto una procedura di applicazione adeguata ed efficace che dovr\u00e0 essere utilizzata in caso di risposta insoddisfacente alla comunicazione o alla richiesta.<\/p>\n  <\/section>\n\n  <aside>\n    <h2>Contenuto opzionale<\/h2>\n    <p>Questo sito web:<\/p>\n    \n    <ul>\n      <li>\u00c8 stato progettato in conformit\u00e0 agli standard e alle normative vigenti in materia di accessibilit\u00e0, rispettando i punti di controllo di priorit\u00e0 2 (AA) definiti nella specifica Web Content Accessibility Guidelines (<abbr title=\"Linee guida per l&#039;accessibilit\u00e0 dei contenuti web\">WCAG<\/abbr> 2.1).<\/li>\n      <li>Conforme ai requisiti dello standard <abbr title=\"Una norma ispano-europea\">UNE-EN<\/abbr> 301549 v1.1.2:2015, considerando le eccezioni del Decreto Reale 1112\/2018.<\/li>\n      <li>\u00c8 stato progettato per essere visualizzato correttamente su dispositivi desktop, tablet e mobili con una risoluzione minima di 1280\u00d71024.<\/li>\n      <li>\u00c8 stato realizzato utilizzando <abbr title=\"Linguaggio di marcatura ipertestuale 5\">HTML5<\/abbr> come linguaggio di markup e fogli di stile <abbr title=\"Fogli di stile a cascata 3\">CSS 3<\/abbr> per il suo design.<\/li>\n      <li>\u00c8 stato progettato per essere utilizzato con JavaScript non intrusivo e offre, nel caso in cui il browser non lo supporti, una corrispondente alternativa non JavaScript.<\/li>\n    <\/ul>\n  <\/aside>\n<\/article>\t\t\t\t\t\t\t\t<\/div>\n\t\t\t\t\t<\/div>\n\t\t\t\t<\/div>\n\t\t\t\t<\/div>","protected":false},"excerpt":{"rendered":"<p>Declaraci\u00f3n de accesibilidad Taxi Valencia Aeropuerto se compromete a hacer que su sitio web sea accesible a todos los usuarios, independientemente de sus habilidades o discapacidades. Hemos implementado medidas de accesibilidad para garantizar que nuestro sitio web cumpla con los est\u00e1ndares de accesibilidad web establecidos por la WCAG 2.0 nivel AA. Estamos continuamente trabajando para [&hellip;]<\/p>\n","protected":false},"author":1,"featured_media":0,"parent":0,"menu_order":0,"comment_status":"closed","ping_status":"closed","template":"","meta":{"inline_featured_image":false,"footnotes":""},"class_list":["post-740","page","type-page","status-publish","hentry"],"_links":{"self":[{"href":"https:\/\/taxivalenciaaeropuerto.com\/it\/wp-json\/wp\/v2\/pages\/740","targetHints":{"allow":["GET"]}}],"collection":[{"href":"https:\/\/taxivalenciaaeropuerto.com\/it\/wp-json\/wp\/v2\/pages"}],"about":[{"href":"https:\/\/taxivalenciaaeropuerto.com\/it\/wp-json\/wp\/v2\/types\/page"}],"author":[{"embeddable":true,"href":"https:\/\/taxivalenciaaeropuerto.com\/it\/wp-json\/wp\/v2\/users\/1"}],"replies":[{"embeddable":true,"href":"https:\/\/taxivalenciaaeropuerto.com\/it\/wp-json\/wp\/v2\/comments?post=740"}],"version-history":[{"count":11,"href":"https:\/\/taxivalenciaaeropuerto.com\/it\/wp-json\/wp\/v2\/pages\/740\/revisions"}],"predecessor-version":[{"id":854,"href":"https:\/\/taxivalenciaaeropuerto.com\/it\/wp-json\/wp\/v2\/pages\/740\/revisions\/854"}],"wp:attachment":[{"href":"https:\/\/taxivalenciaaeropuerto.com\/it\/wp-json\/wp\/v2\/media?parent=740"}],"curies":[{"name":"wp","href":"https:\/\/api.w.org\/{rel}","templated":true}]}}