{"id":956,"date":"2025-11-24T11:10:30","date_gmt":"2025-11-24T11:10:30","guid":{"rendered":"https:\/\/taxivalenciaaeropuerto.com\/?page_id=956"},"modified":"2026-03-10T08:42:40","modified_gmt":"2026-03-10T08:42:40","slug":"avviso-legale","status":"publish","type":"page","link":"https:\/\/taxivalenciaaeropuerto.com\/it\/avviso-legale\/","title":{"rendered":"Avviso legale"},"content":{"rendered":"<div data-elementor-type=\"wp-page\" data-elementor-id=\"956\" class=\"elementor elementor-956\" data-elementor-post-type=\"page\">\n\t\t\t\t<div class=\"elementor-element elementor-element-680c3eba e-flex e-con-boxed e-con e-parent\" data-id=\"680c3eba\" data-element_type=\"container\" data-settings=\"{&quot;jet_parallax_layout_list&quot;:[]}\">\n\t\t\t\t\t<div class=\"e-con-inner\">\n\t\t\t\t<div class=\"elementor-element elementor-element-248e7c6 elementor-widget elementor-widget-text-editor\" data-id=\"248e7c6\" data-element_type=\"widget\" data-widget_type=\"text-editor.default\">\n\t\t\t\t\t\t\t\t\t\n<h1 class=\"wp-block-heading\">Avviso legale<\/h1>\n\n<h2 class=\"wp-block-heading\">Proprietario del sito web<\/h2>\n\n<p>Questo sito web, accessibile all'URL<br \/><strong><a href=\"https:\/\/taxivalenciaaeropuerto.com\/it\/\">https:\/\/taxivalenciaaeropuerto.com<\/a><\/strong> (di seguito, il \u201cSito\u201d), \u00e8 di propriet\u00e0 di:<\/p>\n\n<ul class=\"wp-block-list\">\n<li><strong>Titolare<\/strong>: Matilde Navarro<\/li>\n\n<li><strong>DNI<\/strong>: 24340244B<\/li>\n\n<li><strong>Indirizzo<\/strong>Indirizzo: calle La Dansa, 2 46220, Picassent, Valencia<\/li>\n\n<li><strong>Indirizzo e-mail di contatto<\/strong>: <a>info@taxivalenciaaeropuerto.com<\/a><\/li>\n<\/ul>\n\n<p>(di seguito denominato \u201ctitolare\u201d).<\/p>\n\n<h2 class=\"wp-block-heading\">Oggetto<\/h2>\n\n<p>Lo scopo del sito \u00e8 quello di fornire informazioni sui servizi di taxi a Valencia, nonch\u00e9 di consentire la richiesta e la gestione delle prenotazioni di trasporto, in particolare da e per l'aeroporto di Valencia.<\/p>\n\n<p>L'utilizzo del sito web implica la piena accettazione di questa nota legale. Se non si accettano queste condizioni, si prega di non utilizzare il sito web.<\/p>\n\n<h2 class=\"wp-block-heading\">Condizioni di accesso e di utilizzo<\/h2>\n\n<ol class=\"wp-block-list\">\n<li>L'accesso al sito web \u00e8 gratuito per gli utenti, fatti salvi i costi di connessione eventualmente applicati dal fornitore di accesso a Internet dell'utente.<\/li>\n\n<li>L'utente si impegna a fare un uso appropriato del sito web, dei suoi contenuti e dei servizi offerti, rispettando in ogni momento la legge, la buona fede, l'ordine pubblico e il presente avviso legale.<\/li>\n\n<li>\u00c8 espressamente vietato:\n<ul class=\"wp-block-list\">\n<li>utilizzare il sito web per scopi illegali o dannosi per i diritti e gli interessi del titolare o di terzi,<\/li>\n\n<li>causare danni ai sistemi fisici o logici del titolare, dei suoi fornitori o di terzi,<\/li>\n\n<li>tentare di accedere, utilizzare o manipolare i dati del titolare, di altri utenti o di terzi.<\/li>\n<\/ul>\n<\/li>\n\n<li>Il titolare si riserva il diritto di modificare, sospendere, limitare o interrompere, temporaneamente o permanentemente, l'accesso al sito web, nonch\u00e9 la fornitura di qualsiasi servizio o contenuto, senza preavviso.<\/li>\n<\/ol>\n\n<h2 class=\"wp-block-heading\">Propriet\u00e0 intellettuale e industriale<\/h2>\n\n<ol class=\"wp-block-list\">\n<li>Tutti i contenuti del sito web (tra cui, a titolo esemplificativo e non esaustivo: testi, fotografie, grafici, icone, immagini, loghi, design grafico, software, codice sorgente, nonch\u00e9 il design e la struttura di navigazione) sono di propriet\u00e0 del proprietario o di terzi che ne hanno autorizzato l'uso.<\/li>\n\n<li>La riproduzione, la distribuzione, la comunicazione pubblica, la trasformazione o qualsiasi altra forma di sfruttamento, totale o parziale, di tali contenuti senza la preventiva ed espressa autorizzazione del titolare \u00e8 severamente vietata.<\/li>\n\n<li>L'utente si impegna a rispettare i diritti di propriet\u00e0 intellettuale e industriale del titolare e di terzi, utilizzando i contenuti del sito esclusivamente per uso personale e non commerciale.<\/li>\n<\/ol>\n\n<h2 class=\"wp-block-heading\">Protezione dei dati personali<\/h2>\n\n<p>Il titolare rispetta la normativa vigente in materia di protezione dei dati personali, tra cui il Regolamento (UE) 2016\/679 (GDPR) e la Legge Organica 3\/2018 sulla protezione dei dati personali e la garanzia dei diritti digitali.<\/p>\n\n<p>Informazioni dettagliate sul trattamento dei dati personali raccolti attraverso il sito web (moduli di contatto, moduli di prenotazione, e-mail, ecc. <strong>Informativa sulla privacy<\/strong>, che sar\u00e0 disponibile su una pagina dedicata del sito web.<\/p>\n\n<p>In ogni caso:<\/p>\n\n<ul class=\"wp-block-list\">\n<li>i dati forniti dall'utente saranno utilizzati per la gestione di interrogazioni, richieste di preventivo, prenotazioni del servizio taxi, relative comunicazioni e, se del caso, obblighi legali e contabili;<\/li>\n\n<li>l'utente garantisce che i dati forniti sono veritieri, esatti, completi e aggiornati, essendo responsabile di qualsiasi danno o pregiudizio che possa derivare dalla falsit\u00e0 o dall'inesattezza di tali dati;<\/li>\n\n<li>l'utente pu\u00f2 esercitare i propri diritti di accesso, rettifica, cancellazione, opposizione, limitazione del trattamento e portabilit\u00e0, inviando una richiesta scritta corredata da una copia del proprio documento d'identit\u00e0 all'indirizzo postale indicato nella presente nota legale o via e-mail a <strong><a>info@taxivalenciaaeropuerto.com<\/a><\/strong>.<\/li>\n<\/ul>\n\n<h2 class=\"wp-block-heading\">Condizioni per l'appalto dei servizi<\/h2>\n\n<ol class=\"wp-block-list\">\n<li>La prenotazione del servizio taxi effettuata attraverso il sito web \u00e8 da intendersi come una richiesta che verr\u00e0 successivamente confermata dal titolare attraverso i canali indicati (e-mail, telefono, messaggio, ecc.).<\/li>\n\n<li>Le tariffe, le condizioni di cancellazione, i supplementi per il bagaglio, gli orari notturni, i giorni festivi o altro devono essere indicati sul sito web o comunicati chiaramente all'utente prima della conferma del servizio.<\/li>\n\n<li>L'utente si impegna a fornire informazioni veritiere sul punto di prelievo, sulla destinazione, sul numero di passeggeri e di bagagli, nonch\u00e9 ogni altra informazione rilevante per la corretta erogazione del servizio.<\/li>\n\n<li>Il proprietario si riserva il diritto di non accettare o di cancellare una prenotazione quando:\n<ul class=\"wp-block-list\">\n<li>le condizioni di cui sopra non sono soddisfatte,<\/li>\n\n<li>ci sono evidenti errori nelle informazioni fornite,<\/li>\n\n<li>in caso di forza maggiore o di circostanze che rendano impossibile l'esecuzione del servizio in condizioni di sicurezza.<\/li>\n<\/ul>\n<\/li>\n<\/ol>\n\n<h2 class=\"wp-block-heading\">Esclusione di responsabilit\u00e0<\/h2>\n\n<ol class=\"wp-block-list\">\n<li>Il proprietario non si assume alcuna responsabilit\u00e0 per danni di qualsiasi tipo che possano derivare da:\n<ul class=\"wp-block-list\">\n<li>la mancanza di disponibilit\u00e0, manutenzione o funzionamento efficace del sito web o dei suoi servizi e contenuti,<\/li>\n\n<li>l'esistenza di virus, programmi dannosi o nocivi nei contenuti,<\/li>\n\n<li>l'uso illegale, negligente, fraudolento o contrario alla presente nota legale da parte degli utenti.<\/li>\n<\/ul>\n<\/li>\n\n<li>Il proprietario adotta misure ragionevoli per mantenere il contenuto del sito aggiornato e privo di errori, ma non garantisce l'accuratezza, la completezza o la tempestivit\u00e0 delle informazioni pubblicate.<\/li>\n\n<li>In nessun caso il titolare sar\u00e0 responsabile di danni non direttamente imputabili a lui per dolo o colpa grave.<\/li>\n<\/ol>\n\n<h2 class=\"wp-block-heading\">Collegamenti con terze parti<\/h2>\n\n<ol class=\"wp-block-list\">\n<li>Il sito web pu\u00f2 contenere link a siti web di terzi, forniti a titolo puramente informativo.<\/li>\n\n<li>Il proprietario non \u00e8 responsabile del contenuto, dei servizi, dei prodotti o di qualsiasi altro materiale presente su siti esterni collegati a questo sito.<\/li>\n\n<li>L'inclusione di tali link non implica alcuna associazione, raccomandazione, sponsorizzazione o identificazione del titolare con i proprietari di tali siti web.<\/li>\n<\/ol>\n\n<h2 class=\"wp-block-heading\">Collegamenti al sito web da altri siti<\/h2>\n\n<p>\u00c8 vietata l'introduzione di link al sito web da pagine esterne che contengano contenuti illegali, diffamatori, violenti, discriminatori o contrari alla legge, al buon costume o all'ordine pubblico. In ogni caso, il link deve consentire di visualizzare il sito nella sua interezza all'URL indicato, senza framing o tecniche simili che ne alterino l'aspetto originale.<\/p>\n\n<h2 class=\"wp-block-heading\">Comunicazioni<\/h2>\n\n<p>Ai fini delle comunicazioni tra l'utente e il titolare, sono abilitati i seguenti mezzi:<\/p>\n\n<ul class=\"wp-block-list\">\n<li>Indirizzo postale: calle La Dansa, 2 6-9, 46220, Picassent, Valencia<\/li>\n\n<li>E-mail: <strong><a>info@taxivalenciaaeropuerto.com<\/a><\/strong><\/li>\n<\/ul>\n\n<p>L'utente accetta che le comunicazioni elettroniche siano valide a tutti gli effetti di legge a condizione che la loro origine e integrit\u00e0 siano accreditate.<\/p>\n\n<h2 class=\"wp-block-heading\">Legge applicabile e giurisdizione<\/h2>\n\n<p>Il presente avviso legale \u00e8 regolato dalla legge spagnola.<\/p>\n\n<p>Per la risoluzione di qualsiasi conflitto o controversia che possa derivare dall'accesso o dall'utilizzo del sito web, le parti si sottopongono ai tribunali e alle corti competenti in base alle normative applicabili.<\/p>\n\n<h2 class=\"wp-block-heading\">Data dell'ultimo aggiornamento<\/h2>\n\n<p>Il presente avviso legale \u00e8 stato aggiornato l'ultima volta in questa data: <strong>24\/11\/2025<\/strong>.<\/p>\n\n<p>\u00a0<\/p>\n\t\t\t\t\t\t\t\t<\/div>\n\t\t\t\t\t<\/div>\n\t\t\t\t<\/div>\n\t\t\t\t<\/div>","protected":false},"excerpt":{"rendered":"<p>Aviso legal Titular del sitio web El presente sitio web, accesible en la URLhttps:\/\/taxivalenciaaeropuerto.com (en adelante, el \u201csitio web\u201d), es titularidad de: (en adelante, el \u201ctitular\u201d). Objeto El sitio web tiene por objeto ofrecer informaci\u00f3n sobre servicios de taxi en Valencia, as\u00ed como permitir la solicitud y gesti\u00f3n de reservas de transporte, especialmente hacia y [&hellip;]<\/p>\n","protected":false},"author":1,"featured_media":0,"parent":0,"menu_order":0,"comment_status":"closed","ping_status":"closed","template":"","meta":{"inline_featured_image":false,"footnotes":""},"class_list":["post-956","page","type-page","status-publish","hentry"],"_links":{"self":[{"href":"https:\/\/taxivalenciaaeropuerto.com\/it\/wp-json\/wp\/v2\/pages\/956","targetHints":{"allow":["GET"]}}],"collection":[{"href":"https:\/\/taxivalenciaaeropuerto.com\/it\/wp-json\/wp\/v2\/pages"}],"about":[{"href":"https:\/\/taxivalenciaaeropuerto.com\/it\/wp-json\/wp\/v2\/types\/page"}],"author":[{"embeddable":true,"href":"https:\/\/taxivalenciaaeropuerto.com\/it\/wp-json\/wp\/v2\/users\/1"}],"replies":[{"embeddable":true,"href":"https:\/\/taxivalenciaaeropuerto.com\/it\/wp-json\/wp\/v2\/comments?post=956"}],"version-history":[{"count":5,"href":"https:\/\/taxivalenciaaeropuerto.com\/it\/wp-json\/wp\/v2\/pages\/956\/revisions"}],"predecessor-version":[{"id":1073,"href":"https:\/\/taxivalenciaaeropuerto.com\/it\/wp-json\/wp\/v2\/pages\/956\/revisions\/1073"}],"wp:attachment":[{"href":"https:\/\/taxivalenciaaeropuerto.com\/it\/wp-json\/wp\/v2\/media?parent=956"}],"curies":[{"name":"wp","href":"https:\/\/api.w.org\/{rel}","templated":true}]}}