{"id":962,"date":"2025-11-24T11:32:46","date_gmt":"2025-11-24T11:32:46","guid":{"rendered":"https:\/\/taxivalenciaaeropuerto.com\/?page_id=962"},"modified":"2025-11-24T11:32:48","modified_gmt":"2025-11-24T11:32:48","slug":"informativa-sulla-privacy-2","status":"publish","type":"page","link":"https:\/\/taxivalenciaaeropuerto.com\/it\/informativa-sulla-privacy-2\/","title":{"rendered":"Informativa sulla privacy"},"content":{"rendered":"<h1 class=\"wp-block-heading\">Informativa sulla privacy<\/h1>\n\n\n\n<p>La presente Informativa sulla privacy illustra le modalit\u00e0 di raccolta e trattamento dei dati personali attraverso il sito web. <strong><a href=\"https:\/\/taxivalenciaaeropuerto.com\/it\/\">https:\/\/taxivalenciaaeropuerto.com<\/a><\/strong>. Si consiglia di leggerlo attentamente prima di fornire qualsiasi informazione personale.<\/p>\n\n\n\n<h2 class=\"wp-block-heading\">1. Responsabile del trattamento dei dati<\/h2>\n\n\n\n<p><strong>Isaac Bellido Le\u00f3n<\/strong><br>ID: 22570399Q<br>Indirizzo: calle La Dansa, 2 6-9, 46220, Picassent, Valencia<br>E-mail: <strong><a>info@taxivalenciaaeropuerto.com<\/a><\/strong><\/p>\n\n\n\n<p>In appresso denominata \u201cparte responsabile\u201d.<\/p>\n\n\n\n<h2 class=\"wp-block-heading\">2. Dati raccolti e finalit\u00e0 del trattamento<\/h2>\n\n\n\n<p>Il sito web raccoglie diversi tipi di informazioni personali per i seguenti scopi:<\/p>\n\n\n\n<h3 class=\"wp-block-heading\">a) Modulo di contatto o di prenotazione<\/h3>\n\n\n\n<ul class=\"wp-block-list\">\n<li>Dati richiesti: nome e cognome, telefono, e-mail, data e ora del servizio, punto di origine e destinazione, numero di passeggeri, bagagli o altri dati forniti volontariamente.<\/li>\n\n\n\n<li>Scopo: gestire le richieste di prenotazione, le interrogazioni, i bilanci e le comunicazioni relative al servizio contrattato.<\/li>\n\n\n\n<li>Base giuridica: consenso dell'utente e, in caso di contrattazione del servizio, esecuzione di un contratto.<\/li>\n<\/ul>\n\n\n\n<h3 class=\"wp-block-heading\">(b) Comunicazioni per posta elettronica<\/h3>\n\n\n\n<ul class=\"wp-block-list\">\n<li>Dati: indirizzo e-mail, contenuto del messaggio e dati inseriti volontariamente dall'utente.<\/li>\n\n\n\n<li>Scopo: rispondere alle richieste di informazioni o gestire il rapporto professionale.<\/li>\n\n\n\n<li>Base giuridica: esecuzione di un rapporto precontrattuale o contrattuale, o consenso dell'utente.<\/li>\n<\/ul>\n\n\n\n<h3 class=\"wp-block-heading\">c) Dati di navigazione (cookie)<\/h3>\n\n\n\n<ul class=\"wp-block-list\">\n<li>Vengono raccolti attraverso cookie propri e di terze parti.<\/li>\n\n\n\n<li>Scopo: migliorare l'esperienza dell'utente, analizzare il traffico e garantire il funzionamento tecnico del sito.<\/li>\n\n\n\n<li>Base giuridica: consenso (ad eccezione dei cookie tecnici, che non richiedono il consenso).<br>Per ulteriori informazioni, consultare la sezione <strong>Informativa sui cookie<\/strong>.<\/li>\n<\/ul>\n\n\n\n<h3 class=\"wp-block-heading\">(d) Dati necessari per l'erogazione del servizio<\/h3>\n\n\n\n<p>In caso di conferma della prenotazione, potranno essere raccolti ulteriori dati necessari per la corretta esecuzione del servizio (quali orari, voli, indirizzi esatti e informazioni rilevanti per il trasferimento).<\/p>\n\n\n\n<ul class=\"wp-block-list\">\n<li>Base giuridica: esecuzione del contratto di trasporto.<\/li>\n<\/ul>\n\n\n\n<h2 class=\"wp-block-heading\">3. Conservazione dei dati<\/h2>\n\n\n\n<p>I dati saranno conservati per i seguenti periodi:<\/p>\n\n\n\n<ul class=\"wp-block-list\">\n<li><strong>Consulenze o moduli non associati a un contratto<\/strong>fino a 12 mesi.<\/li>\n\n\n\n<li><strong>Prenotazioni o servizi eseguiti<\/strong>per il tempo necessario ad adempiere agli obblighi di legge (fiscali e contabili), tipicamente <strong>5 anni<\/strong>.<\/li>\n\n\n\n<li><strong>Dati dei cookie<\/strong>come indicato nella politica pertinente.<\/li>\n\n\n\n<li><strong>Comunicazioni commerciali<\/strong> (se l'utente li accetta): fino a quando l'utente non chiede di annullare l'iscrizione.<\/li>\n<\/ul>\n\n\n\n<h2 class=\"wp-block-heading\">4. Destinatari dei dati<\/h2>\n\n\n\n<p>I vostri dati personali non saranno trasmessi a terzi, tranne in questi casi:<\/p>\n\n\n\n<ol class=\"wp-block-list\">\n<li><strong>Obbligo legale<\/strong> (ad esempio, le amministrazioni pubbliche come le autorit\u00e0 fiscali).<\/li>\n\n\n\n<li><strong>Fornitori di servizi<\/strong> necessari per il funzionamento del sito web o per la gestione delle prenotazioni, quali:\n<ul class=\"wp-block-list\">\n<li>servizi di hosting,<\/li>\n\n\n\n<li>sistemi di analisi web,<\/li>\n\n\n\n<li>applicazioni di posta elettronica,<\/li>\n\n\n\n<li>fornitori di tecnologia.<\/li>\n<\/ul>\n<\/li>\n<\/ol>\n\n\n\n<p>Queste terze parti agiscono come <strong>processori di dati<\/strong>, con contratti che garantiscono la sicurezza delle informazioni in conformit\u00e0 al GDPR.<\/p>\n\n\n\n<p>I dati non vengono venduti, affittati o trasferiti per scopi commerciali.<\/p>\n\n\n\n<h2 class=\"wp-block-heading\">5. Trasferimenti internazionali di dati<\/h2>\n\n\n\n<p>Gli strumenti di terze parti utilizzati dal sito web (ad esempio Google Analytics, Google reCAPTCHA o servizi di hosting situati al di fuori dell'UE) possono trasferire i dati a livello internazionale.<\/p>\n\n\n\n<p>In questi casi \u00e8 garantita:<\/p>\n\n\n\n<ul class=\"wp-block-list\">\n<li>clausole contrattuali standard approvate dalla Commissione Europea,<\/li>\n\n\n\n<li>o adeguati meccanismi di protezione previsti dal GDPR.<\/li>\n<\/ul>\n\n\n\n<p>\u00c8 possibile leggere l'informativa sulla privacy di Google qui: <a href=\"https:\/\/policies.google.com\/privacy\" rel=\"nofollow noopener\" target=\"_blank\">https:\/\/policies.google.com\/privacy<\/a><\/p>\n\n\n\n<h2 class=\"wp-block-heading\">6. Diritti dell'utente<\/h2>\n\n\n\n<p>Come utente, avete il diritto di:<\/p>\n\n\n\n<h3 class=\"wp-block-heading\">Diritto di accesso<\/h3>\n\n\n\n<p>Sapere quali dati personali trattiamo.<\/p>\n\n\n\n<h3 class=\"wp-block-heading\">Diritto di rettifica<\/h3>\n\n\n\n<p>Modificare i dati errati o incompleti.<\/p>\n\n\n\n<h3 class=\"wp-block-heading\">Diritto alla cancellazione (diritto all'oblio)<\/h3>\n\n\n\n<p>Richiedere la cancellazione dei propri dati quando non sono pi\u00f9 necessari.<\/p>\n\n\n\n<h3 class=\"wp-block-heading\">Diritto di opposizione<\/h3>\n\n\n\n<p>opporsi al trattamento dei dati in determinate circostanze.<\/p>\n\n\n\n<h3 class=\"wp-block-heading\">Il diritto alla limitazione del trattamento<\/h3>\n\n\n\n<p>Chiedere che i vostri dati non vengano utilizzati oltre la loro conservazione.<\/p>\n\n\n\n<h3 class=\"wp-block-heading\">Diritto alla portabilit\u00e0<\/h3>\n\n\n\n<p>Ricevere i vostri dati in un formato strutturato e trasmetterli a un altro titolare del trattamento.<\/p>\n\n\n\n<h3 class=\"wp-block-heading\">Diritto di revoca del consenso<\/h3>\n\n\n\n<p>Per i trattamenti basati sul consenso, l'utente pu\u00f2 revocare il proprio consenso in qualsiasi momento.<\/p>\n\n\n\n<p>Per esercitare uno di questi diritti \u00e8 possibile inviare una richiesta corredata da un documento di identit\u00e0 a:<\/p>\n\n\n\n<p>\u2709 <strong><a>info@taxivalenciaaeropuerto.com<\/a><\/strong><br>o per posta all'indirizzo indicato al paragrafo 1.<\/p>\n\n\n\n<p>Se ritenete che i vostri diritti non siano stati adeguatamente soddisfatti, potete presentare un reclamo all'autorit\u00e0 di vigilanza spagnola:<\/p>\n\n\n\n<p><strong>Agenzia spagnola per la protezione dei dati (AEPD)<\/strong><br><a>www.aepd.es<\/a><\/p>\n\n\n\n<h2 class=\"wp-block-heading\">7. Sicurezza dei dati<\/h2>\n\n\n\n<p>Il titolare del trattamento mette in atto misure tecniche e organizzative adeguate per proteggere i vostri dati da accessi non autorizzati, perdita, distruzione o divulgazione.<\/p>\n\n\n\n<p>Questi includono:<\/p>\n\n\n\n<ul class=\"wp-block-list\">\n<li>Crittografia SSL in tutto il sito,<\/li>\n\n\n\n<li>password sicure,<\/li>\n\n\n\n<li>sistemi aggiornati e protetti,<\/li>\n\n\n\n<li>politiche interne di accesso limitato.<\/li>\n<\/ul>\n\n\n\n<p>Tuttavia, nessun sistema \u00e8 completamente sicuro e la sicurezza assoluta di Internet non pu\u00f2 essere garantita.<\/p>\n\n\n\n<h2 class=\"wp-block-heading\">8. Accuratezza dei dati<\/h2>\n\n\n\n<p>L'utente garantisce che i dati forniti sono veritieri, accurati e completi. Si impegna a mantenerli aggiornati e a comunicare eventuali modifiche.<\/p>\n\n\n\n<p>L'utente \u00e8 responsabile di tutti i danni che possono derivare da informazioni false o errate.<\/p>\n\n\n\n<h2 class=\"wp-block-heading\">9. Comunicazioni commerciali<\/h2>\n\n\n\n<p>Il titolare del trattamento non invier\u00e0 comunicazioni commerciali senza il preventivo consenso dell'utente, salvo i casi in cui esista un precedente rapporto contrattuale che lo consenta (servizi analoghi).<\/p>\n\n\n\n<p>\u00c8 possibile annullare l'iscrizione in qualsiasi momento via e-mail:<\/p>\n\n\n\n<p>\u2709 <strong><a>info@taxivalenciaaeropuerto.com<\/a><\/strong><\/p>\n\n\n\n<h2 class=\"wp-block-heading\">10. Collegamenti con terze parti<\/h2>\n\n\n\n<p>Il sito web pu\u00f2 contenere link a siti esterni. La parte responsabile non \u00e8 responsabile delle pratiche sulla privacy di tali siti. Si consiglia all'utente di consultare le loro politiche sulla privacy.<\/p>\n\n\n\n<h2 class=\"wp-block-heading\">11. Modifiche a questa politica<\/h2>\n\n\n\n<p>Il responsabile pu\u00f2 aggiornare la presente Informativa sulla privacy per adeguarla a modifiche legislative o a nuove funzionalit\u00e0 del sito web.<br>La versione attuale sar\u00e0 sempre quella pubblicata su questa pagina.<\/p>\n\n\n\n<h2 class=\"wp-block-heading\">Data dell'ultimo aggiornamento<\/h2>\n\n\n\n<p><strong>24\/11\/2025<\/strong><\/p>","protected":false},"excerpt":{"rendered":"<p>Pol\u00edtica de privacidad En esta Pol\u00edtica de Privacidad se explica c\u00f3mo se recopilan y tratan los datos personales a trav\u00e9s de la web https:\/\/taxivalenciaaeropuerto.com. Te recomendamos leerla atentamente antes de facilitar cualquier dato personal. 1. Responsable del tratamiento Isaac Bellido Le\u00f3nDNI: 22570399QDomicilio: calle La Dansa, 2 6-9, 46220, Picassent, ValenciaCorreo electr\u00f3nico: info@taxivalenciaaeropuerto.com En adelante, el [&hellip;]<\/p>\n","protected":false},"author":1,"featured_media":0,"parent":0,"menu_order":0,"comment_status":"closed","ping_status":"closed","template":"","meta":{"inline_featured_image":false,"footnotes":""},"class_list":["post-962","page","type-page","status-publish","hentry"],"_links":{"self":[{"href":"https:\/\/taxivalenciaaeropuerto.com\/it\/wp-json\/wp\/v2\/pages\/962","targetHints":{"allow":["GET"]}}],"collection":[{"href":"https:\/\/taxivalenciaaeropuerto.com\/it\/wp-json\/wp\/v2\/pages"}],"about":[{"href":"https:\/\/taxivalenciaaeropuerto.com\/it\/wp-json\/wp\/v2\/types\/page"}],"author":[{"embeddable":true,"href":"https:\/\/taxivalenciaaeropuerto.com\/it\/wp-json\/wp\/v2\/users\/1"}],"replies":[{"embeddable":true,"href":"https:\/\/taxivalenciaaeropuerto.com\/it\/wp-json\/wp\/v2\/comments?post=962"}],"version-history":[{"count":1,"href":"https:\/\/taxivalenciaaeropuerto.com\/it\/wp-json\/wp\/v2\/pages\/962\/revisions"}],"predecessor-version":[{"id":963,"href":"https:\/\/taxivalenciaaeropuerto.com\/it\/wp-json\/wp\/v2\/pages\/962\/revisions\/963"}],"wp:attachment":[{"href":"https:\/\/taxivalenciaaeropuerto.com\/it\/wp-json\/wp\/v2\/media?parent=962"}],"curies":[{"name":"wp","href":"https:\/\/api.w.org\/{rel}","templated":true}]}}